{"id":1677,"date":"2023-01-17T12:27:27","date_gmt":"2023-01-17T11:27:27","guid":{"rendered":"https:\/\/www.contzept.de\/shop\/?post_type=product&#038;p=1677"},"modified":"2025-09-02T16:37:33","modified_gmt":"2025-09-02T14:37:33","slug":"petzl-grillon","status":"publish","type":"product","link":"https:\/\/www.contzept.de\/shop\/produkt\/petzl-grillon\/","title":{"rendered":"Petzl &#8211; Verbindungsmittel GRILLON"},"content":{"rendered":"<div class=\"list\">\n<ul>\n<li>Einfach zu bedienen: stufenloses Einstellsystem f\u00fcr eine pr\u00e4zise Anpassung der ben\u00f6tigten L\u00e4nge und eine komfortable Arbeitsposition.<\/li>\n<li>Es kann auf zwei Arten verwendet werden:<br \/>\n&#8211; An den beiden seitlichen Halte\u00f6sen des Gurts, wenn sich der Anwender mit den F\u00fc\u00dfen abst\u00fctzt. Diese Verbindung erm\u00f6glicht eine bessere Verteilung des Gewichts auf dem H\u00fcftgurt. Das Einstellen erfolgt durch Bet\u00e4tigung des Klemmnockens.<br \/>\n&#8211; An der zentralen Halte\u00f6se des Gurts, wenn der Anschlagpunkt sich oberhalb des Anwenders befindet, um den Komfort zu verbessern und die Belastung auf H\u00fcftgurt und Beinschlaufen zu verteilen. Das Einstellen erfolgt durch Bet\u00e4tigung des Griffs, w\u00e4hrend die andere Hand das freie Ende des Verbindungsmittels h\u00e4lt.<\/li>\n<li>Die vern\u00e4hten Endverbindungen mit Kunststoff\u00fcberzug halten das Verbindungselement in der richtigen Position und sch\u00fctzen das Seil vor Abrieb.<\/li>\n<li>Die Schutzh\u00fclle sch\u00fctzt das Seil gegen Abrieb an rauen Auflagepunkten und erleichtert den Durchlauf des Seils. Bei Befestigung des Verbindungsmittels an der zentralen Halte\u00f6se kann die Schutzh\u00fclle entfernt werden, um dem Anschlagpunkt so nah wie m\u00f6glich zu sein.<\/li>\n<li>Verf\u00fcgbar in sieben L\u00e4ngen: 2, 3, 4, 5, 10, 15 und 20 m. Die L\u00e4nge des Verbindungsmittels ist durch ein Farbetikett an dem zum Einh\u00e4ngen des Verbindungselements vorgesehenen Ende gekennzeichnet.<\/li>\n<li>Verf\u00fcgbar in zwei Farben: wei\u00df\/gelb und schwarz.<\/li>\n<li>Als Ersatzteile erh\u00e4ltliche Seile.<\/li>\n<\/ul>\n<\/div>\n<h3>Spezifikationen<\/h3>\n<div class=\"list\">\n<ul>\n<li>Material: Polyamid, Polyester, Aluminium<\/li>\n<li>Zertifizierung(en): ANSI Z359.3, CSA Z259.11, CE EN 358, CE EN 12841 type C, EAC<\/li>\n<\/ul>\n<\/div>\n","protected":false},"excerpt":{"rendered":"<p>Einstellbares Verbindungsmittel zur Arbeitsplatzpositionierung<\/p>\n","protected":false},"featured_media":1678,"template":"","meta":[],"product_brand":[],"product_cat":[184,146],"product_tag":[],"class_list":{"0":"post-1677","1":"product","2":"type-product","3":"status-publish","4":"has-post-thumbnail","6":"product_cat-sale","7":"product_cat-verbindungsmittel","9":"first","10":"instock","11":"sale","12":"taxable","13":"shipping-taxable","14":"purchasable","15":"product-type-variable","16":"has-default-attributes"},"_links":{"self":[{"href":"https:\/\/www.contzept.de\/shop\/wp-json\/wp\/v2\/product\/1677","targetHints":{"allow":["GET"]}}],"collection":[{"href":"https:\/\/www.contzept.de\/shop\/wp-json\/wp\/v2\/product"}],"about":[{"href":"https:\/\/www.contzept.de\/shop\/wp-json\/wp\/v2\/types\/product"}],"wp:featuredmedia":[{"embeddable":true,"href":"https:\/\/www.contzept.de\/shop\/wp-json\/wp\/v2\/media\/1678"}],"wp:attachment":[{"href":"https:\/\/www.contzept.de\/shop\/wp-json\/wp\/v2\/media?parent=1677"}],"wp:term":[{"taxonomy":"product_brand","embeddable":true,"href":"https:\/\/www.contzept.de\/shop\/wp-json\/wp\/v2\/product_brand?post=1677"},{"taxonomy":"product_cat","embeddable":true,"href":"https:\/\/www.contzept.de\/shop\/wp-json\/wp\/v2\/product_cat?post=1677"},{"taxonomy":"product_tag","embeddable":true,"href":"https:\/\/www.contzept.de\/shop\/wp-json\/wp\/v2\/product_tag?post=1677"}],"curies":[{"name":"wp","href":"https:\/\/api.w.org\/{rel}","templated":true}]}}