{"id":1703,"date":"2023-01-18T19:28:00","date_gmt":"2023-01-18T18:28:00","guid":{"rendered":"https:\/\/www.contzept.de\/shop\/?post_type=product&#038;p=1703"},"modified":"2024-12-20T13:38:30","modified_gmt":"2024-12-20T12:38:30","slug":"petzl-grillon-hook","status":"publish","type":"product","link":"https:\/\/www.contzept.de\/shop\/produkt\/petzl-grillon-hook\/","title":{"rendered":"Petzl &#8211; Verbindungsmittel GRILLON HOOK"},"content":{"rendered":"<div class=\"list\">\n<ul>\n<li>Benutzerfreundlich:<br \/>\n&#8211; stufenloses Einstellsystem f\u00fcr eine pr\u00e4zise Anpassung der ben\u00f6tigten L\u00e4nge und eine komfortable Arbeitsposition,<br \/>\n&#8211; Befestigung an den beiden seitlichen Halte\u00f6sen des Gurts, wenn sich der Anwender mit den F\u00fc\u00dfen abst\u00fctzt. Diese Verbindung erm\u00f6glicht eine bessere Verteilung des Gewichts auf dem H\u00fcftgurt. Das Einstellen erfolgt durch Bet\u00e4tigung des Klemmnockens.<\/li>\n<li>Die vern\u00e4hten Endverbindungen mit Kunststoff\u00fcberzug halten das Verbindungselement in der richtigen Position und sch\u00fctzen das Seil vor Abrieb.<\/li>\n<li>Die Schutzh\u00fclle sch\u00fctzt das Seil gegen Abrieb an rauen Auflagepunkten und erleichtert den Durchlauf des Seils.<\/li>\n<li>Produkt geliefert mit einem HOOK-Verbindungselement, ideal bei Befestigung des doppelten Verbindungsmittels an den seitlichen Halte\u00f6sen des Gurts.<\/li>\n<li>Verf\u00fcgbar in vier L\u00e4ngen: 2, 3, 4 und 5 m. Die L\u00e4nge des Verbindungsmittels ist durch ein Farbetikett an dem zum Einh\u00e4ngen des Verbindungselements vorgesehenen Ende gekennzeichnet.<\/li>\n<li>Als Ersatzteile erh\u00e4ltliche Seile.<\/li>\n<\/ul>\n<\/div>\n<h3>Spezifikationen<\/h3>\n<div class=\"list\">\n<ul>\n<li>Material: Polyamid, Polyester, Aluminium<\/li>\n<li>Zertifizierung(en): CE EN 358, CE EN 12841 type C, EAC, UKCA (HOOK)<\/li>\n<\/ul>\n<\/div>\n","protected":false},"excerpt":{"rendered":"<p>Einstellbares Verbindungsmittel zur Arbeitsplatzpositionierung mit HOOK-Verbindungselement<\/p>\n","protected":false},"featured_media":1705,"template":"","meta":[],"product_brand":[],"product_cat":[146],"product_tag":[],"class_list":{"0":"post-1703","1":"product","2":"type-product","3":"status-publish","4":"has-post-thumbnail","6":"product_cat-verbindungsmittel","8":"first","9":"instock","10":"taxable","11":"shipping-taxable","12":"purchasable","13":"product-type-variable","14":"has-default-attributes"},"_links":{"self":[{"href":"https:\/\/www.contzept.de\/shop\/wp-json\/wp\/v2\/product\/1703","targetHints":{"allow":["GET"]}}],"collection":[{"href":"https:\/\/www.contzept.de\/shop\/wp-json\/wp\/v2\/product"}],"about":[{"href":"https:\/\/www.contzept.de\/shop\/wp-json\/wp\/v2\/types\/product"}],"wp:featuredmedia":[{"embeddable":true,"href":"https:\/\/www.contzept.de\/shop\/wp-json\/wp\/v2\/media\/1705"}],"wp:attachment":[{"href":"https:\/\/www.contzept.de\/shop\/wp-json\/wp\/v2\/media?parent=1703"}],"wp:term":[{"taxonomy":"product_brand","embeddable":true,"href":"https:\/\/www.contzept.de\/shop\/wp-json\/wp\/v2\/product_brand?post=1703"},{"taxonomy":"product_cat","embeddable":true,"href":"https:\/\/www.contzept.de\/shop\/wp-json\/wp\/v2\/product_cat?post=1703"},{"taxonomy":"product_tag","embeddable":true,"href":"https:\/\/www.contzept.de\/shop\/wp-json\/wp\/v2\/product_tag?post=1703"}],"curies":[{"name":"wp","href":"https:\/\/api.w.org\/{rel}","templated":true}]}}