{"id":1711,"date":"2023-01-18T19:33:56","date_gmt":"2023-01-18T18:33:56","guid":{"rendered":"https:\/\/www.contzept.de\/shop\/?post_type=product&#038;p=1711"},"modified":"2024-12-20T13:38:08","modified_gmt":"2024-12-20T12:38:08","slug":"petzl-grillon-mgo","status":"publish","type":"product","link":"https:\/\/www.contzept.de\/shop\/produkt\/petzl-grillon-mgo\/","title":{"rendered":"Petzl &#8211; Verbindungsmittel GRILLON MGO"},"content":{"rendered":"<div class=\"list\">\n<ul>\n<li>Einfach zu bedienen: stufenloses Einstellsystem f\u00fcr eine pr\u00e4zise Anpassung der ben\u00f6tigten L\u00e4nge und eine komfortable Arbeitsposition.<\/li>\n<li>Wird an der zentralen Halte\u00f6se des Gurts befestigt, wenn der Anschlagpunkt sich oberhalb des Anwenders befindet, um den Komfort zu verbessern und die Belastung auf H\u00fcftgurt und Beinschlaufen zu verteilen. Das Einstellen erfolgt durch Bet\u00e4tigung des Griffs, w\u00e4hrend die andere Hand das freie Ende des Verbindungsmittels h\u00e4lt.<\/li>\n<li>Die Enden sind mit einer Kunststoffh\u00fclle versehen, um das Verbindungselement in der richtigen Position zu halten und das Seil vor Abrieb zu sch\u00fctzen.<\/li>\n<li>Produkt geliefert mit einem MGO-Verbindungselement mit weiter Schnapper\u00f6ffnung zum Einh\u00e4ngen an der Metallstruktur.<\/li>\n<li>Verf\u00fcgbar in zwei L\u00e4ngen: 2 und 3 m. Die L\u00e4nge des Verbindungsmittels ist durch ein Farbetikett an dem zum Einh\u00e4ngen des Verbindungselements vorgesehenen Ende gekennzeichnet.<\/li>\n<li>Als Ersatzteile erh\u00e4ltliche Seile.<\/li>\n<\/ul>\n<\/div>\n<h3>Spezifikationen<\/h3>\n<div class=\"list\">\n<ul>\n<li>Material: Polyamid, Polyester, Aluminium<\/li>\n<li>Zertifizierung(en): ANSI Z359.3, CSA Z259.11, CE EN 358, CE EN 12841 type C, EAC, UKCA<\/li>\n<\/ul>\n<\/div>\n","protected":false},"excerpt":{"rendered":"<p>Einstellbares Verbindungsmittel zur Arbeitsplatzpositionierung mit MGO-Verbindungselement<\/p>\n","protected":false},"featured_media":1712,"template":"","meta":[],"product_brand":[],"product_cat":[146],"product_tag":[],"class_list":{"0":"post-1711","1":"product","2":"type-product","3":"status-publish","4":"has-post-thumbnail","6":"product_cat-verbindungsmittel","8":"first","9":"instock","10":"taxable","11":"shipping-taxable","12":"purchasable","13":"product-type-variable","14":"has-default-attributes"},"_links":{"self":[{"href":"https:\/\/www.contzept.de\/shop\/wp-json\/wp\/v2\/product\/1711","targetHints":{"allow":["GET"]}}],"collection":[{"href":"https:\/\/www.contzept.de\/shop\/wp-json\/wp\/v2\/product"}],"about":[{"href":"https:\/\/www.contzept.de\/shop\/wp-json\/wp\/v2\/types\/product"}],"wp:featuredmedia":[{"embeddable":true,"href":"https:\/\/www.contzept.de\/shop\/wp-json\/wp\/v2\/media\/1712"}],"wp:attachment":[{"href":"https:\/\/www.contzept.de\/shop\/wp-json\/wp\/v2\/media?parent=1711"}],"wp:term":[{"taxonomy":"product_brand","embeddable":true,"href":"https:\/\/www.contzept.de\/shop\/wp-json\/wp\/v2\/product_brand?post=1711"},{"taxonomy":"product_cat","embeddable":true,"href":"https:\/\/www.contzept.de\/shop\/wp-json\/wp\/v2\/product_cat?post=1711"},{"taxonomy":"product_tag","embeddable":true,"href":"https:\/\/www.contzept.de\/shop\/wp-json\/wp\/v2\/product_tag?post=1711"}],"curies":[{"name":"wp","href":"https:\/\/api.w.org\/{rel}","templated":true}]}}