{"id":1717,"date":"2023-01-18T19:54:34","date_gmt":"2023-01-18T18:54:34","guid":{"rendered":"https:\/\/www.contzept.de\/shop\/?post_type=product&#038;p=1717"},"modified":"2024-12-20T14:23:42","modified_gmt":"2024-12-20T13:23:42","slug":"petzl-absorbica","status":"publish","type":"product","link":"https:\/\/www.contzept.de\/shop\/produkt\/petzl-absorbica\/","title":{"rendered":"Petzl &#8211; Falld\u00e4mpfer ABSORBICA"},"content":{"rendered":"<ul>\n<li>Konzipiert f\u00fcr die Verwendung mit dem JANE-Verbindungsmittel, um ein Verbindungsmittel zur Absturzsicherung mit einer L\u00e4nge von maximal zwei Metern zu erhalten.<\/li>\n<li>Nimmt bei einem Sturz die Fallenergie auf:<br \/>\n&#8211; Durch Aufrei\u00dfen des Gurtbands des Falld\u00e4mpfers wird der auf den Anwender ausge\u00fcbte Fangsto\u00df reduziert.<br \/>\n&#8211; Geeignet f\u00fcr Anwender, die zwischen 50 und 140 kg wiegen (1).<br \/>\n&#8211; Durch das progressive Aufrei\u00dfen des Falld\u00e4mpfers werden die auf leichtgewichtige Personen ausge\u00fcbten Beschleunigungskr\u00e4fte reduziert.<\/li>\n<li>Minimales Packma\u00df: kompaktes Design, um den Anwender nicht zu behindern.<\/li>\n<li>Die strapazierf\u00e4hige Stoffh\u00fclle mit einem \u00d6ffnungssystem an den Enden sch\u00fctzt den Falld\u00e4mpfer vor Abrieb und Spritzern und erm\u00f6glicht eine regelm\u00e4\u00dfige \u00dcberpr\u00fcfung des Falld\u00e4mpfers.<\/li>\n<li>Zwei Befestigungsm\u00f6glichkeiten am Gurt entsprechend der Verwendung:<br \/>\n&#8211; h\u00e4ufiges Ein-\/Aush\u00e4ngen: mit einem durch ein STRING-Element in der richtigen Position gehaltenen Karabiner (geliefert mit dem Falld\u00e4mpfer) oder mit einem MICRO SWIVEL-Wirbel, um ein Verdrehen zu verhindern,<br \/>\n&#8211; quasi-permanente Verbindung: mit einer aufschraubbaren RING OPEN-\u00d6se, dessen runde Form eine optimale Positionierung gew\u00e4hrleistet, oder mit einem SWIVEL OPEN-Wirbel, um ein Verdrehen zu verhindern.(1) Bei Einhaltung der maximal tolerierbaren Sturzh\u00f6he.<\/li>\n<\/ul>\n","protected":false},"excerpt":{"rendered":"<p>Kompakter Falld\u00e4mpfer<\/p>\n","protected":false},"featured_media":1718,"template":"","meta":[],"product_brand":[],"product_cat":[184,146],"product_tag":[],"class_list":{"0":"post-1717","1":"product","2":"type-product","3":"status-publish","4":"has-post-thumbnail","6":"product_cat-sale","7":"product_cat-verbindungsmittel","9":"first","10":"instock","11":"sale","12":"taxable","13":"shipping-taxable","14":"purchasable","15":"product-type-variable","16":"has-default-attributes"},"_links":{"self":[{"href":"https:\/\/www.contzept.de\/shop\/wp-json\/wp\/v2\/product\/1717","targetHints":{"allow":["GET"]}}],"collection":[{"href":"https:\/\/www.contzept.de\/shop\/wp-json\/wp\/v2\/product"}],"about":[{"href":"https:\/\/www.contzept.de\/shop\/wp-json\/wp\/v2\/types\/product"}],"wp:featuredmedia":[{"embeddable":true,"href":"https:\/\/www.contzept.de\/shop\/wp-json\/wp\/v2\/media\/1718"}],"wp:attachment":[{"href":"https:\/\/www.contzept.de\/shop\/wp-json\/wp\/v2\/media?parent=1717"}],"wp:term":[{"taxonomy":"product_brand","embeddable":true,"href":"https:\/\/www.contzept.de\/shop\/wp-json\/wp\/v2\/product_brand?post=1717"},{"taxonomy":"product_cat","embeddable":true,"href":"https:\/\/www.contzept.de\/shop\/wp-json\/wp\/v2\/product_cat?post=1717"},{"taxonomy":"product_tag","embeddable":true,"href":"https:\/\/www.contzept.de\/shop\/wp-json\/wp\/v2\/product_tag?post=1717"}],"curies":[{"name":"wp","href":"https:\/\/api.w.org\/{rel}","templated":true}]}}