{"id":1722,"date":"2023-01-18T20:06:21","date_gmt":"2023-01-18T19:06:21","guid":{"rendered":"https:\/\/www.contzept.de\/shop\/?post_type=product&#038;p=1722"},"modified":"2024-12-20T13:36:47","modified_gmt":"2024-12-20T12:36:47","slug":"petzl-absorbica-i","status":"publish","type":"product","link":"https:\/\/www.contzept.de\/shop\/produkt\/petzl-absorbica-i\/","title":{"rendered":"Petzl &#8211; Falld\u00e4mpfer ABSORBICA-I"},"content":{"rendered":"<div class=\"list\">\n<ul>\n<li>Zur Fortbewegung an einem horizontalen Gel\u00e4nderseil (Textil- oder Drahtseil) oder auf einer Hebeb\u00fchne ohne Passieren von Zwischensicherungen konzipiert.<\/li>\n<li>Nimmt bei einem Sturz die Fallenergie auf:<br \/>\n&#8211; Durch Aufrei\u00dfen des Gurtbands des Falld\u00e4mpfers wird der auf den Anwender ausge\u00fcbte Fangsto\u00df reduziert.<br \/>\n&#8211; Geeignet f\u00fcr Anwender, die zwischen 50 und 140 kg wiegen (1).<br \/>\n&#8211; Durch das progressive Aufrei\u00dfen des Falld\u00e4mpfers werden die auf leichtgewichtige Personen ausge\u00fcbten Beschleunigungskr\u00e4fte reduziert.<\/li>\n<li>Kompakte Ausf\u00fchrung:<br \/>\n&#8211; kompakter Falld\u00e4mpfer, um den Anwender nicht zu behindern,<br \/>\n&#8211; FLEX-Version mit einem elastischen Gurtband von 150 cm, um bei der Fortbewegung nicht zu st\u00f6ren.<\/li>\n<li>Die strapazierf\u00e4hige Stoffh\u00fclle mit einem \u00d6ffnungssystem an den Enden sch\u00fctzt den Falld\u00e4mpfer vor Abrieb und Spritzern und erm\u00f6glicht eine regelm\u00e4\u00dfige \u00dcberpr\u00fcfung des Falld\u00e4mpfers.<\/li>\n<li>Zwei Befestigungsm\u00f6glichkeiten am Gurt entsprechend der Verwendung:<br \/>\n&#8211; h\u00e4ufiges Ein-\/Aush\u00e4ngen: mit einem Karabiner, der durch ein STRING-Element (geliefert mit dem Verbindungsmittel) in der richtigen Position gehalten wird,<br \/>\n&#8211; quasi-permanente Verbindung: mit einer aufschraubbaren RING OPEN-\u00d6se, dessen runde Form eine optimale Positionierung gew\u00e4hrleistet.<\/li>\n<li>Das Ende des Verbindungsmittels kann entweder mit einem Karabiner oder mit einem MGO OPEN-Verbindungselement mit gro\u00dfer Schnapper\u00f6ffnung versehen werden.<\/li>\n<li>Verf\u00fcgbar in zwei L\u00e4ngen: 80 und 150 cm.(1) Bei Einhaltung der maximal tolerierbaren Sturzh\u00f6he.<\/li>\n<\/ul>\n<\/div>\n<div class=\"youtubeVideo\">\n<div id=\"j_id0:j_id1:j_id111\" class=\"youtubeVideo\"><span style=\"font-size: 1.618em;\">Spezifikationen<\/span><\/div>\n<\/div>\n<div class=\"list\">\n<ul>\n<li>Material: Polyester, Nylon<\/li>\n<li>Zertifizierung(en): CE EN 355 bei Verwendung mit Verbindungselementen EN 362, UKCA, EAC (zertifiziertes Maximalgewicht: 100 kg) ANSI Z359.13 12 feet bei Verwendung mit Verbindungselementen ANSI Z359.12 (zertifiziertes Maximalgewicht: 140 kg)<\/li>\n<\/ul>\n<\/div>\n","protected":false},"excerpt":{"rendered":"<p>Einfaches Verbindungsmittel mit integriertem Falld\u00e4mpfer<\/p>\n","protected":false},"featured_media":1723,"template":"","meta":[],"product_brand":[],"product_cat":[146],"product_tag":[],"class_list":{"0":"post-1722","1":"product","2":"type-product","3":"status-publish","4":"has-post-thumbnail","6":"product_cat-verbindungsmittel","8":"first","9":"instock","10":"taxable","11":"shipping-taxable","12":"purchasable","13":"product-type-variable","14":"has-default-attributes"},"_links":{"self":[{"href":"https:\/\/www.contzept.de\/shop\/wp-json\/wp\/v2\/product\/1722","targetHints":{"allow":["GET"]}}],"collection":[{"href":"https:\/\/www.contzept.de\/shop\/wp-json\/wp\/v2\/product"}],"about":[{"href":"https:\/\/www.contzept.de\/shop\/wp-json\/wp\/v2\/types\/product"}],"wp:featuredmedia":[{"embeddable":true,"href":"https:\/\/www.contzept.de\/shop\/wp-json\/wp\/v2\/media\/1723"}],"wp:attachment":[{"href":"https:\/\/www.contzept.de\/shop\/wp-json\/wp\/v2\/media?parent=1722"}],"wp:term":[{"taxonomy":"product_brand","embeddable":true,"href":"https:\/\/www.contzept.de\/shop\/wp-json\/wp\/v2\/product_brand?post=1722"},{"taxonomy":"product_cat","embeddable":true,"href":"https:\/\/www.contzept.de\/shop\/wp-json\/wp\/v2\/product_cat?post=1722"},{"taxonomy":"product_tag","embeddable":true,"href":"https:\/\/www.contzept.de\/shop\/wp-json\/wp\/v2\/product_tag?post=1722"}],"curies":[{"name":"wp","href":"https:\/\/api.w.org\/{rel}","templated":true}]}}