{"id":1785,"date":"2023-03-07T14:38:13","date_gmt":"2023-03-07T13:38:13","guid":{"rendered":"https:\/\/www.contzept.de\/shop\/?post_type=product&#038;p=1785"},"modified":"2025-08-08T10:22:25","modified_gmt":"2025-08-08T08:22:25","slug":"petzl-aria-2-rgb","status":"publish","type":"product","link":"https:\/\/www.contzept.de\/shop\/produkt\/petzl-aria-2-rgb\/","title":{"rendered":"Petzl &#8211; Stirnlampe ARIA 2 RGB"},"content":{"rendered":"<div class=\"list\">\n<ul>\n<li>Die ideale leistungsstarke Stirnlampe f\u00fcr Beobachtungen in der Natur (Jagen, Angeln, Beobachtung der Tier- und Pflanzenwelt usw.) :<br \/>\n&#8211; Breiter und kombinierter (d. h. breiter und fokussierter) Lichtkegel f\u00fcr Nah- und Fernsicht.<br \/>\n&#8211; Farbiges Licht, um sich verschiedenen Situationen anzupassen: Rot f\u00fcr den Erhalt der Dunkeladaptation des Auges und unbemerktes Auftreten, Gr\u00fcn f\u00fcr einfacheres Kartenlesen und die Verst\u00e4rkung von Kontrasten, und Blau f\u00fcr das Aufsp\u00fcren von Blutspuren und zur Verbesserung der Sicht im Wasser, ohne die Fische zu erschrecken.<br \/>\n&#8211; Farbiges Dauer- oder Blinklicht entsprechend den Anforderungen der Aktivit\u00e4t.<br \/>\n&#8211; Staubdicht und wasserdicht (-1 Meter w\u00e4hrend 30 Minuten).<br \/>\n&#8211; Leicht, kompakt und leistungsstark: 450 Lumen bei einem Gewicht von 106 g.<\/li>\n<li>Anwenderfreundlich:<br \/>\n&#8211; Ein einziger Schalter f\u00fcr eine einfache, schnelle Wahl der Leuchtstufe oder der Lichtfarbe.<br \/>\n&#8211; Drei Wei\u00dflicht-Stufen: MAX BURN TIME (maximale Leuchtdauer), STANDARD (optimales Verh\u00e4ltnis Leuchtkraft\/Leuchtdauer) und MAX POWER (maximale Leuchtkraft).<br \/>\n&#8211; LED-Anzeige beim Ein- und Ausschalten der Lampe zur Kontrolle der verbleibenden Akkulaufzeit.<br \/>\n&#8211; Tr\u00e4gerplatte, die es erm\u00f6glicht, den Neigungswinkel der Lampe den Anforderungen entsprechend einzustellen.<br \/>\n&#8211; Abnehmbares, waschbares Kopfband.<br \/>\n&#8211; LOCK-Funktion zum Schutz vor unbeabsichtigtem Einschalten w\u00e4hrend des Transports und bei Nichtbenutzung der Lampe.<\/li>\n<li>Vielseitig:<br \/>\n&#8211; HYBRID CONCEPT: Die ARIA 2 RGB wird mit drei AAA-\/LR03-Batterien geliefert und ist ebenfalls mit dem CORE-Akku (nicht enthalten) kompatibel. Die Lampe erkennt die Energiequelle und optimiert die Leuchtleistungen: Mit dem CORE-Akku bietet die Lampe eine h\u00f6here Leuchtkraft beim Einschalten (600 lm im Modus MAX POWER) und w\u00e4hrend der gesamten Verwendungsdauer.<br \/>\n&#8211; Kompatibel mit verschiedenem Zubeh\u00f6r zum Anbringen der Lampe an einem Helm (HELMET ADAPT) oder an einem Fahrrad (BIKE ADAPT 2).<\/li>\n<\/ul>\n<\/div>\n<h3>Spezifikationen<\/h3>\n<div class=\"list\">\n<ul>\n<li>Leuchtkraft: 450 Lumen (ANSI\/PLATO FL 1)<\/li>\n<li>Gewicht: 106 g<\/li>\n<li>Lichtkegel: breit oder kombiniert<\/li>\n<li>Betriebsm\u00f6glichkeiten: 3 AAA-\/LR03-Batterien (enthalten) oder CORE-Akku (als Zubeh\u00f6r erh\u00e4ltlich)<\/li>\n<li>Betriebsm\u00f6glichkeiten: Alkali-Batterien, Lithium-Batterien oder Ni-MH-Akkus<\/li>\n<li>Zertifizierung(en): CE, UKCA<\/li>\n<li>Wasserdicht: IP67<\/li>\n<\/ul>\n<\/div>\n","protected":false},"excerpt":{"rendered":"<p>Leistungsstarke und robuste wasser- und staubdichte Stirnlampe mit wei\u00dfem, rotem, gr\u00fcnem und blauem Licht, ideal f\u00fcr Beobachtungen in der Natur. 450 Lumen<\/p>\n","protected":false},"featured_media":1787,"template":"","meta":[],"product_brand":[],"product_cat":[88],"product_tag":[],"class_list":{"0":"post-1785","1":"product","2":"type-product","3":"status-publish","4":"has-post-thumbnail","6":"product_cat-stirnlampen","8":"first","9":"instock","10":"taxable","11":"shipping-taxable","12":"purchasable","13":"product-type-variable","14":"has-default-attributes"},"_links":{"self":[{"href":"https:\/\/www.contzept.de\/shop\/wp-json\/wp\/v2\/product\/1785","targetHints":{"allow":["GET"]}}],"collection":[{"href":"https:\/\/www.contzept.de\/shop\/wp-json\/wp\/v2\/product"}],"about":[{"href":"https:\/\/www.contzept.de\/shop\/wp-json\/wp\/v2\/types\/product"}],"wp:featuredmedia":[{"embeddable":true,"href":"https:\/\/www.contzept.de\/shop\/wp-json\/wp\/v2\/media\/1787"}],"wp:attachment":[{"href":"https:\/\/www.contzept.de\/shop\/wp-json\/wp\/v2\/media?parent=1785"}],"wp:term":[{"taxonomy":"product_brand","embeddable":true,"href":"https:\/\/www.contzept.de\/shop\/wp-json\/wp\/v2\/product_brand?post=1785"},{"taxonomy":"product_cat","embeddable":true,"href":"https:\/\/www.contzept.de\/shop\/wp-json\/wp\/v2\/product_cat?post=1785"},{"taxonomy":"product_tag","embeddable":true,"href":"https:\/\/www.contzept.de\/shop\/wp-json\/wp\/v2\/product_tag?post=1785"}],"curies":[{"name":"wp","href":"https:\/\/api.w.org\/{rel}","templated":true}]}}