{"id":1803,"date":"2023-03-07T16:25:29","date_gmt":"2023-03-07T15:25:29","guid":{"rendered":"https:\/\/www.contzept.de\/shop\/?post_type=product&#038;p=1803"},"modified":"2024-12-20T13:19:32","modified_gmt":"2024-12-20T12:19:32","slug":"petzl-uni-adapt","status":"publish","type":"product","link":"https:\/\/www.contzept.de\/shop\/produkt\/petzl-uni-adapt\/","title":{"rendered":"Petzl &#8211; Klebeclip UNI ADAPT (4er-Pack)"},"content":{"rendered":"<div class=\"list\">\n<ul>\n<li>Erm\u00f6glicht die Befestigung einer Petzl-Stirnlampe an einem Helm ohne Stirnlampenclips (Kompatibilit\u00e4t beim Hersteller \u00fcberpr\u00fcfen).<\/li>\n<li>Geeignet f\u00fcr die Stirnlampen der Reihen DUO, PIXA und ARIA sowie SWIFT RL PRO und e+LITE.<\/li>\n<\/ul>\n<\/div>\n<h3>Spezifikationen<\/h3>\n<div class=\"list\">\n<ul>\n<li>Gewicht: 10 g<\/li>\n<\/ul>\n<\/div>\n","protected":false},"excerpt":{"rendered":"<p>Klebeclip zum Befestigen einer Petzl-Stirnlampe an allen Helmtypen (4er-Pack)<\/p>\n","protected":false},"featured_media":1804,"template":"","meta":[],"product_brand":[],"product_cat":[88,92],"product_tag":[],"class_list":{"0":"post-1803","1":"product","2":"type-product","3":"status-publish","4":"has-post-thumbnail","6":"product_cat-stirnlampen","7":"product_cat-stirnlampen-zubehoer","9":"first","10":"instock","11":"taxable","12":"shipping-taxable","13":"purchasable","14":"product-type-variable","15":"has-default-attributes"},"_links":{"self":[{"href":"https:\/\/www.contzept.de\/shop\/wp-json\/wp\/v2\/product\/1803","targetHints":{"allow":["GET"]}}],"collection":[{"href":"https:\/\/www.contzept.de\/shop\/wp-json\/wp\/v2\/product"}],"about":[{"href":"https:\/\/www.contzept.de\/shop\/wp-json\/wp\/v2\/types\/product"}],"wp:featuredmedia":[{"embeddable":true,"href":"https:\/\/www.contzept.de\/shop\/wp-json\/wp\/v2\/media\/1804"}],"wp:attachment":[{"href":"https:\/\/www.contzept.de\/shop\/wp-json\/wp\/v2\/media?parent=1803"}],"wp:term":[{"taxonomy":"product_brand","embeddable":true,"href":"https:\/\/www.contzept.de\/shop\/wp-json\/wp\/v2\/product_brand?post=1803"},{"taxonomy":"product_cat","embeddable":true,"href":"https:\/\/www.contzept.de\/shop\/wp-json\/wp\/v2\/product_cat?post=1803"},{"taxonomy":"product_tag","embeddable":true,"href":"https:\/\/www.contzept.de\/shop\/wp-json\/wp\/v2\/product_tag?post=1803"}],"curies":[{"name":"wp","href":"https:\/\/api.w.org\/{rel}","templated":true}]}}