{"id":1933,"date":"2024-08-19T12:55:43","date_gmt":"2024-08-19T10:55:43","guid":{"rendered":"https:\/\/www.contzept.de\/shop\/?post_type=product&#038;p=1933"},"modified":"2024-12-20T13:01:12","modified_gmt":"2024-12-20T12:01:12","slug":"petzl-croll","status":"publish","type":"product","link":"https:\/\/www.contzept.de\/shop\/produkt\/petzl-croll\/","title":{"rendered":"Petzl &#8211; Bruststeigklemme CROLL"},"content":{"rendered":"<div class=\"list\">\n<ul>\n<li>Wird in Kombination mit einer ASCENSION-Handsteigklemme f\u00fcr den Aufstieg am Seil verwendet.<\/li>\n<li>Einfach und effizient:<br \/>\n&#8211; \u00d6ffnen der Sicherheitssperre durch Blockieren f\u00fcr eine einfache und schnelle Handhabung, &#8211; komplett in den K\u00f6rper der Seilklemme integrierter Entriegelungshebel, um ein H\u00e4ngenbleiben zu verhindern,<br \/>\n&#8211; gezahnter Klemmnocken mit Reinigungsschlitz f\u00fcr eine optimale Funktion bei allen Bedingungen (vereistes, verschlammtes Seil usw.). Der Klemmnocken aus Edelstahl gew\u00e4hrleistet eine hohe Korrosionsbest\u00e4ndigkeit.<br \/>\n&#8211; Die untere Befestigungs\u00f6se ist so ausgerichtet, dass die Seilklemme nach dem Einh\u00e4ngen flach auf der Brust aufliegt.<br \/>\n&#8211; Die obere Befestigungs\u00f6se dient zum Befestigen eines SECUR-Schultertr\u00e4gers und h\u00e4lt die Seilklemme in der richtigen Position.<\/li>\n<li>Verf\u00fcgbar in zwei Ausf\u00fchrungen:<br \/>\n&#8211; CROLL S: leichte, kompakte Seilklemme. Diese Version verf\u00fcgt \u00fcber eine Verst\u00e4rkung aus rostfreiem Stahl f\u00fcr den Einsatz in sehr aggressiven Arbeitsumgebungen.<br \/>\n&#8211; CROLL L: Seilklemme mit breiter Seilf\u00fchrung f\u00fcr den gleichm\u00e4\u00dfigen Durchlauf des Seils beim Aufstieg.<\/li>\n<\/ul>\n<\/div>\n<h3>Spezifikationen<\/h3>\n<div class=\"list\">\n<ul>\n<li>Material: Aluminium, Edelstahl, Polyamid<\/li>\n<li>Zertifizierung(en): CE EN 567, CE EN 12841 type B, UKCA, EAC, NFPA 2500 Technical Use, XF 494<\/li>\n<\/ul>\n<\/div>\n","protected":false},"excerpt":{"rendered":"<p>Bruststeigklemme<\/p>\n","protected":false},"featured_media":1935,"template":"","meta":[],"product_brand":[],"product_cat":[165],"product_tag":[],"class_list":{"0":"post-1933","1":"product","2":"type-product","3":"status-publish","4":"has-post-thumbnail","6":"product_cat-seilklemmen","8":"first","9":"instock","10":"taxable","11":"shipping-taxable","12":"purchasable","13":"product-type-variable","14":"has-default-attributes"},"_links":{"self":[{"href":"https:\/\/www.contzept.de\/shop\/wp-json\/wp\/v2\/product\/1933","targetHints":{"allow":["GET"]}}],"collection":[{"href":"https:\/\/www.contzept.de\/shop\/wp-json\/wp\/v2\/product"}],"about":[{"href":"https:\/\/www.contzept.de\/shop\/wp-json\/wp\/v2\/types\/product"}],"wp:featuredmedia":[{"embeddable":true,"href":"https:\/\/www.contzept.de\/shop\/wp-json\/wp\/v2\/media\/1935"}],"wp:attachment":[{"href":"https:\/\/www.contzept.de\/shop\/wp-json\/wp\/v2\/media?parent=1933"}],"wp:term":[{"taxonomy":"product_brand","embeddable":true,"href":"https:\/\/www.contzept.de\/shop\/wp-json\/wp\/v2\/product_brand?post=1933"},{"taxonomy":"product_cat","embeddable":true,"href":"https:\/\/www.contzept.de\/shop\/wp-json\/wp\/v2\/product_cat?post=1933"},{"taxonomy":"product_tag","embeddable":true,"href":"https:\/\/www.contzept.de\/shop\/wp-json\/wp\/v2\/product_tag?post=1933"}],"curies":[{"name":"wp","href":"https:\/\/api.w.org\/{rel}","templated":true}]}}