{"id":1938,"date":"2024-08-19T13:48:33","date_gmt":"2024-08-19T11:48:33","guid":{"rendered":"https:\/\/www.contzept.de\/shop\/?post_type=product&#038;p=1938"},"modified":"2024-12-20T13:00:03","modified_gmt":"2024-12-20T12:00:03","slug":"petzl-zigzag","status":"publish","type":"product","link":"https:\/\/www.contzept.de\/shop\/produkt\/petzl-zigzag\/","title":{"rendered":"Petzl &#8211; Prusikrolle ZIGZAG"},"content":{"rendered":"<div class=\"list\">\n<ul>\n<li>Intuitive Bedienung:<br \/>\n&#8211; Die gleichen Handgriffe wie bei einer herk\u00f6mmlichen Prusikrolle.<br \/>\n&#8211; Wenn sich die Kettenglieder auseinander ziehen, blockieren sie das Seil.<\/li>\n<li>F\u00fcr die effiziente Fortbewegung im Baum:<br \/>\n&#8211; Der Entriegelungshebel erm\u00f6glicht eine gleichm\u00e4\u00dfige und pr\u00e4zise Seilausgabe und eine hohe Pr\u00e4zision bei der Fortbewegung. Der Anwender kann die Abseilgeschwindigkeit steuern, indem er den Druck auf den Hebel ver\u00e4ndert.<br \/>\n&#8211; Das Seil l\u00e4sst sich dank der Seilrolle mit gekapseltem Kugellager und den separaten, gebogenen Seitenteilen m\u00fchelos einziehen.<br \/>\n&#8211; Die untere feste Verbindungs\u00f6se gew\u00e4hrleistet die richtige Ausrichtung des Ger\u00e4ts zum Anwender und erleichtert das Handling.<\/li>\n<li>Vielseitige Einsatzm\u00f6glichkeiten:<br \/>\n&#8211; geeignet f\u00fcr die Verwendung am Doppelstrang sowie am Einfachstrang mit dem Zubeh\u00f6r CHICANE, das die Bremsreibung beim Abseilen erh\u00f6ht, und den Kniesteigklemmen-Systemen KNEE ASCENT, die den Aufstieg erleichtern,<br \/>\n&#8211; obere Verbindungs\u00f6se zur Seilumlenkung bei der Verwendung am Doppelstrang oder f\u00fcr das zus\u00e4tzliche Bremselement CHICANE bei der Verwendung am Einfachstrang. Sie ist mit einem Gummiring versehen, der die Positionierung des Verbindungselements in der L\u00e4ngsachse gew\u00e4hrleistet.<br \/>\n&#8211; zus\u00e4tzliche Verbindungs\u00f6se zum Einh\u00e4ngen eines ZILLON-Verbindungsmittels oder eines zweiten Sicherungssystems.<\/li>\n<li>Verschlei\u00dffestigkeit:<br \/>\n&#8211; Die Stahlkonstruktion garantiert eine hohe Lebensdauer.<br \/>\n&#8211; Die separaten, gebogenen Seitenteile b\u00fcrgen f\u00fcr hohe Verschlei\u00dffestigkeit.<\/li>\n<li>Seil-Kompatibilit\u00e4t: 11,5 bis 13 mm Durchmesser.<\/li>\n<li>Das ZIGZAG erm\u00f6glicht es, die Anforderungen der Norm ANSI Z133 bei der Arbeit zu erf\u00fcllen.<\/li>\n<\/ul>\n<\/div>\n<h3>Spezifikationen<\/h3>\n<div class=\"list\">\n<ul>\n<li>Material: Aluminium, Stahl, Polyamid<\/li>\n<li>Gewicht: 365 g<\/li>\n<li>Seil-Kompatibilit\u00e4t: halbstatisches Seil (EN 1891 Typ A)<\/li>\n<li>Maximale Gebrauchslast: 140 kg<\/li>\n<li>Zertifizierung(en): CE, UKCA<\/li>\n<\/ul>\n<\/div>\n","protected":false},"excerpt":{"rendered":"<p>Mechanische Prusikrolle f\u00fcr die Baumpflege<\/p>\n","protected":false},"featured_media":1940,"template":"","meta":[],"product_brand":[],"product_cat":[166],"product_tag":[],"class_list":{"0":"post-1938","1":"product","2":"type-product","3":"status-publish","4":"has-post-thumbnail","6":"product_cat-abseilgeraete","8":"first","9":"instock","10":"taxable","11":"shipping-taxable","12":"purchasable","13":"product-type-variable","14":"has-default-attributes"},"_links":{"self":[{"href":"https:\/\/www.contzept.de\/shop\/wp-json\/wp\/v2\/product\/1938","targetHints":{"allow":["GET"]}}],"collection":[{"href":"https:\/\/www.contzept.de\/shop\/wp-json\/wp\/v2\/product"}],"about":[{"href":"https:\/\/www.contzept.de\/shop\/wp-json\/wp\/v2\/types\/product"}],"wp:featuredmedia":[{"embeddable":true,"href":"https:\/\/www.contzept.de\/shop\/wp-json\/wp\/v2\/media\/1940"}],"wp:attachment":[{"href":"https:\/\/www.contzept.de\/shop\/wp-json\/wp\/v2\/media?parent=1938"}],"wp:term":[{"taxonomy":"product_brand","embeddable":true,"href":"https:\/\/www.contzept.de\/shop\/wp-json\/wp\/v2\/product_brand?post=1938"},{"taxonomy":"product_cat","embeddable":true,"href":"https:\/\/www.contzept.de\/shop\/wp-json\/wp\/v2\/product_cat?post=1938"},{"taxonomy":"product_tag","embeddable":true,"href":"https:\/\/www.contzept.de\/shop\/wp-json\/wp\/v2\/product_tag?post=1938"}],"curies":[{"name":"wp","href":"https:\/\/api.w.org\/{rel}","templated":true}]}}