{"id":1961,"date":"2024-08-19T14:15:11","date_gmt":"2024-08-19T12:15:11","guid":{"rendered":"https:\/\/www.contzept.de\/shop\/?post_type=product&#038;p=1961"},"modified":"2026-01-26T11:57:09","modified_gmt":"2026-01-26T10:57:09","slug":"petzl-pantin","status":"publish","type":"product","link":"https:\/\/www.contzept.de\/shop\/produkt\/petzl-pantin\/","title":{"rendered":"Petzl &#8211; Seilklemme PANTIN"},"content":{"rendered":"<div class=\"list\">\n<ul>\n<li>Vereinfacht den Aufstieg und beugt einer schnellen Erm\u00fcdung vor:<br \/>\n&#8211; Zur Verwendung in Kombination mit den Seilklemmen CROLL, ASCENSION oder ASCENTREE.<br \/>\n&#8211; Leichtes Hochschieben am Seil bereits w\u00e4hrend der ersten Meter.<br \/>\n&#8211; Gezahnter Klemmnocken mit Reinigungsschlitz f\u00fcr eine optimale Funktion bei allen Bedingungen (vereistes, verschlammtes Seil usw.).<br \/>\n&#8211; Komplett in den K\u00f6rper der Seilklemme integrierter Klemmnocken, um ein H\u00e4ngenbleiben zu verhindern.<br \/>\n&#8211; Kann mit einer einfachen R\u00fcckw\u00e4rtsbewegung des Fu\u00dfes vom Seil gel\u00f6st werden.<br \/>\n&#8211; Einfache und schnelle Einstellung mit DOUBLEBACK-Schnalle.<br \/>\n&#8211; Eine Sicherheitssperre, die ein Aush\u00e4ngen des Ger\u00e4ts w\u00e4hrend des Aufstiegs verhindert, ist als Zubeh\u00f6r erh\u00e4ltlich.<\/li>\n<li>Robuste Bauweise:<br \/>\n&#8211; Der aus Edelstahl gefertigte Klemmnocken gew\u00e4hrleistet eine gute Korrosionsbest\u00e4ndigkeit.<br \/>\n&#8211; Abriebfeste Riemen aus hochdichtem Polyethylen.<\/li>\n<li>Verf\u00fcgbar in einer Version f\u00fcr den rechten und einer Version f\u00fcr den linken Fu\u00df.Anmerkung: Die PANTIN ist keine PSA.<\/li>\n<\/ul>\n<\/div>\n<h3>Spezifikationen<\/h3>\n<div class=\"list\">\n<ul>\n<li>Material: Aluminium, Edelstahl, hochdichtes Polyethylen<\/li>\n<li>Gewicht: 85 g<\/li>\n<li>Seil-Kompatibilit\u00e4t: 8 bis 13 mm<\/li>\n<\/ul>\n<\/div>\n","protected":false},"excerpt":{"rendered":"<p>Fu\u00dfsteigklemme<\/p>\n","protected":false},"featured_media":1962,"template":"","meta":[],"product_brand":[],"product_cat":[165],"product_tag":[],"class_list":{"0":"post-1961","1":"product","2":"type-product","3":"status-publish","4":"has-post-thumbnail","6":"product_cat-seilklemmen","8":"first","9":"instock","10":"taxable","11":"shipping-taxable","12":"purchasable","13":"product-type-variable","14":"has-default-attributes"},"_links":{"self":[{"href":"https:\/\/www.contzept.de\/shop\/wp-json\/wp\/v2\/product\/1961","targetHints":{"allow":["GET"]}}],"collection":[{"href":"https:\/\/www.contzept.de\/shop\/wp-json\/wp\/v2\/product"}],"about":[{"href":"https:\/\/www.contzept.de\/shop\/wp-json\/wp\/v2\/types\/product"}],"wp:featuredmedia":[{"embeddable":true,"href":"https:\/\/www.contzept.de\/shop\/wp-json\/wp\/v2\/media\/1962"}],"wp:attachment":[{"href":"https:\/\/www.contzept.de\/shop\/wp-json\/wp\/v2\/media?parent=1961"}],"wp:term":[{"taxonomy":"product_brand","embeddable":true,"href":"https:\/\/www.contzept.de\/shop\/wp-json\/wp\/v2\/product_brand?post=1961"},{"taxonomy":"product_cat","embeddable":true,"href":"https:\/\/www.contzept.de\/shop\/wp-json\/wp\/v2\/product_cat?post=1961"},{"taxonomy":"product_tag","embeddable":true,"href":"https:\/\/www.contzept.de\/shop\/wp-json\/wp\/v2\/product_tag?post=1961"}],"curies":[{"name":"wp","href":"https:\/\/api.w.org\/{rel}","templated":true}]}}