{"id":1975,"date":"2024-08-19T14:45:11","date_gmt":"2024-08-19T12:45:11","guid":{"rendered":"https:\/\/www.contzept.de\/shop\/?post_type=product&#038;p=1975"},"modified":"2024-12-20T12:55:17","modified_gmt":"2024-12-20T11:55:17","slug":"petzl-rollclip-z","status":"publish","type":"product","link":"https:\/\/www.contzept.de\/shop\/produkt\/petzl-rollclip-z\/","title":{"rendered":"Petzl &#8211; Karabiner ROLLCLIP Z"},"content":{"rendered":"<div class=\"list\">\n<ul>\n<li>Erleichtert das Handling:<br \/>\n&#8211; Die Laufrolle mit gekapseltem Kugellager gew\u00e4hrleistet einen hohen Wirkungsgrad.<br \/>\n&#8211; Entgegengesetzt zur Seilrolle \u00f6ffnender Schnapper, um das Einh\u00e4ngen des Karabiners in die Ger\u00e4te zu erleichtern.<br \/>\n&#8211; Das Keylock-System verhindert, dass sich der Karabiner beim Einh\u00e4ngen verhakt.<\/li>\n<li>H-Profil des Karabiners:<br \/>\n&#8211; Gew\u00e4hrleistet ein optimales Verh\u00e4ltnis Bruchlast\/Gewichtseinsparung.<br \/>\n&#8211; Sch\u00fctzt die Markierung vor Abrieb.<\/li>\n<li>Verf\u00fcgbar mit zwei Verriegelungssystemen:<br \/>\n&#8211; TRIACT-LOCK: automatische Verriegelung mit 3-Wege-\u00d6ffnung.<br \/>\n&#8211; SCREW-LOCK: manueller Schraubverschluss mit rotem Indikator, der sichtbar ist, solange der Karabiner nicht verriegelt ist.<\/li>\n<\/ul>\n<\/div>\n<h3>Spezifikationen<\/h3>\n<div class=\"list\">\n<ul>\n<li>Material: Aluminium<\/li>\n<li>Durchmesser min.: 7 mm<\/li>\n<li>Durchmesser max.: 13 mm<\/li>\n<li>Durchmesser der Seilscheibe: 18 mm<\/li>\n<li>Maximale Gebrauchslast: 2 x 2 = 4 kN<\/li>\n<li>Wirkungsgrad: 85 %<\/li>\n<li>Bruchlast l\u00e4ngs: 20 kN<\/li>\n<li>Bruchlast quer: 8 kN<\/li>\n<li>Bruchlast Schnapper offen: 7 kN<\/li>\n<\/ul>\n<\/div>\n","protected":false},"excerpt":{"rendered":"<p>Karabiner mit Seilrolle zum einfachen Einh\u00e4ngen in Anschlagpunkte und Ger\u00e4te<\/p>\n","protected":false},"featured_media":1976,"template":"","meta":[],"product_brand":[],"product_cat":[169],"product_tag":[],"class_list":{"0":"post-1975","1":"product","2":"type-product","3":"status-publish","4":"has-post-thumbnail","6":"product_cat-seilrollen","8":"first","9":"instock","10":"taxable","11":"shipping-taxable","12":"purchasable","13":"product-type-variable","14":"has-default-attributes"},"_links":{"self":[{"href":"https:\/\/www.contzept.de\/shop\/wp-json\/wp\/v2\/product\/1975","targetHints":{"allow":["GET"]}}],"collection":[{"href":"https:\/\/www.contzept.de\/shop\/wp-json\/wp\/v2\/product"}],"about":[{"href":"https:\/\/www.contzept.de\/shop\/wp-json\/wp\/v2\/types\/product"}],"wp:featuredmedia":[{"embeddable":true,"href":"https:\/\/www.contzept.de\/shop\/wp-json\/wp\/v2\/media\/1976"}],"wp:attachment":[{"href":"https:\/\/www.contzept.de\/shop\/wp-json\/wp\/v2\/media?parent=1975"}],"wp:term":[{"taxonomy":"product_brand","embeddable":true,"href":"https:\/\/www.contzept.de\/shop\/wp-json\/wp\/v2\/product_brand?post=1975"},{"taxonomy":"product_cat","embeddable":true,"href":"https:\/\/www.contzept.de\/shop\/wp-json\/wp\/v2\/product_cat?post=1975"},{"taxonomy":"product_tag","embeddable":true,"href":"https:\/\/www.contzept.de\/shop\/wp-json\/wp\/v2\/product_tag?post=1975"}],"curies":[{"name":"wp","href":"https:\/\/api.w.org\/{rel}","templated":true}]}}