{"id":1985,"date":"2024-08-19T14:58:06","date_gmt":"2024-08-19T12:58:06","guid":{"rendered":"https:\/\/www.contzept.de\/shop\/?post_type=product&#038;p=1985"},"modified":"2024-12-20T12:52:42","modified_gmt":"2024-12-20T11:52:42","slug":"petzl-swivel","status":"publish","type":"product","link":"https:\/\/www.contzept.de\/shop\/produkt\/petzl-swivel\/","title":{"rendered":"Petzl &#8211; Wirbel SWIVEL"},"content":{"rendered":"<ul>\n<li>Verhindert ein Eindrehen des Seils, wenn sich die Last um die eigene Achse dreht.<\/li>\n<li>Das wartungsfreie gekapselte Kugellager b\u00fcrgt f\u00fcr hohe Leistung und Zuverl\u00e4ssigkeit.<\/li>\n<li>SWIVEL S:<br \/>\n&#8211; f\u00fcr kleinere Lasten<br \/>\n&#8211; kompakt<\/li>\n<li>SWIVEL L:<br \/>\n&#8211; Auf gr\u00f6\u00dfere Lasten ausgelegt. An beiden Enden k\u00f6nnen bis zu drei Karabiner eingeh\u00e4ngt werden.<\/li>\n<\/ul>\n","protected":false},"excerpt":{"rendered":"<p>Wirbel mit Kugellager<\/p>\n","protected":false},"featured_media":1986,"template":"","meta":[],"product_brand":[],"product_cat":[162],"product_tag":[],"class_list":{"0":"post-1985","1":"product","2":"type-product","3":"status-publish","4":"has-post-thumbnail","6":"product_cat-anschlageinrichtungen","8":"first","9":"instock","10":"taxable","11":"shipping-taxable","12":"purchasable","13":"product-type-variable","14":"has-default-attributes"},"_links":{"self":[{"href":"https:\/\/www.contzept.de\/shop\/wp-json\/wp\/v2\/product\/1985","targetHints":{"allow":["GET"]}}],"collection":[{"href":"https:\/\/www.contzept.de\/shop\/wp-json\/wp\/v2\/product"}],"about":[{"href":"https:\/\/www.contzept.de\/shop\/wp-json\/wp\/v2\/types\/product"}],"wp:featuredmedia":[{"embeddable":true,"href":"https:\/\/www.contzept.de\/shop\/wp-json\/wp\/v2\/media\/1986"}],"wp:attachment":[{"href":"https:\/\/www.contzept.de\/shop\/wp-json\/wp\/v2\/media?parent=1985"}],"wp:term":[{"taxonomy":"product_brand","embeddable":true,"href":"https:\/\/www.contzept.de\/shop\/wp-json\/wp\/v2\/product_brand?post=1985"},{"taxonomy":"product_cat","embeddable":true,"href":"https:\/\/www.contzept.de\/shop\/wp-json\/wp\/v2\/product_cat?post=1985"},{"taxonomy":"product_tag","embeddable":true,"href":"https:\/\/www.contzept.de\/shop\/wp-json\/wp\/v2\/product_tag?post=1985"}],"curies":[{"name":"wp","href":"https:\/\/api.w.org\/{rel}","templated":true}]}}