{"id":1990,"date":"2024-08-19T15:02:57","date_gmt":"2024-08-19T13:02:57","guid":{"rendered":"https:\/\/www.contzept.de\/shop\/?post_type=product&#038;p=1990"},"modified":"2024-12-20T12:52:01","modified_gmt":"2024-12-20T11:52:01","slug":"petzl-micro-swivel","status":"publish","type":"product","link":"https:\/\/www.contzept.de\/shop\/produkt\/petzl-micro-swivel\/","title":{"rendered":"Petzl &#8211; Wirbel MICRO SWIVEL"},"content":{"rendered":"<div class=\"list\">\n<ul>\n<li>F\u00fcr die Kombination mit einem Verschlusskarabiner konzipiert:<br \/>\n&#8211; Verbindungs\u00f6se f\u00fcr einen Verschlusskarabiner. Die \u00d6se ist mit einem elastischen Ring versehen, der den Karabiner in der L\u00e4ngsachse h\u00e4lt.<br \/>\n&#8211; Die weite \u00d6ffnung erleichtert die Installation an einem Verbindungsmittel oder einem Ger\u00e4t.<\/li>\n<li>Erleichtert das Handling:<br \/>\n&#8211; Verhindert ein Eindrehen der Verbindungsmittel und h\u00e4lt die Ger\u00e4te in der richtigen Position.<br \/>\n&#8211; Kann sich frei drehen, wenn er nicht belastet wird, und bewegt sich unter Last nicht, um die Ger\u00e4te in der richtigen Position zu halten.<br \/>\n&#8211; Die kompakte aufschraubbare Einheit erm\u00f6glicht die Bildung kompakter und leichter Systeme.<\/li>\n<\/ul>\n<\/div>\n<h3>Spezifikationen<\/h3>\n<div class=\"list\">\n<ul>\n<li>Material: Aluminium, Kunststoff<\/li>\n<li>Gewicht: 75 g<\/li>\n<li>Bruchlast: 23 kN<\/li>\n<li>Zertifizierung(en): CE, UKCA, EAC<\/li>\n<\/ul>\n<\/div>\n","protected":false},"excerpt":{"rendered":"<p>Kompakter aufschraubbarer Wirbel<\/p>\n","protected":false},"featured_media":1991,"template":"","meta":[],"product_brand":[],"product_cat":[162],"product_tag":[],"class_list":{"0":"post-1990","1":"product","2":"type-product","3":"status-publish","4":"has-post-thumbnail","6":"product_cat-anschlageinrichtungen","8":"first","9":"instock","10":"taxable","11":"shipping-taxable","12":"purchasable","13":"product-type-variable","14":"has-default-attributes"},"_links":{"self":[{"href":"https:\/\/www.contzept.de\/shop\/wp-json\/wp\/v2\/product\/1990","targetHints":{"allow":["GET"]}}],"collection":[{"href":"https:\/\/www.contzept.de\/shop\/wp-json\/wp\/v2\/product"}],"about":[{"href":"https:\/\/www.contzept.de\/shop\/wp-json\/wp\/v2\/types\/product"}],"wp:featuredmedia":[{"embeddable":true,"href":"https:\/\/www.contzept.de\/shop\/wp-json\/wp\/v2\/media\/1991"}],"wp:attachment":[{"href":"https:\/\/www.contzept.de\/shop\/wp-json\/wp\/v2\/media?parent=1990"}],"wp:term":[{"taxonomy":"product_brand","embeddable":true,"href":"https:\/\/www.contzept.de\/shop\/wp-json\/wp\/v2\/product_brand?post=1990"},{"taxonomy":"product_cat","embeddable":true,"href":"https:\/\/www.contzept.de\/shop\/wp-json\/wp\/v2\/product_cat?post=1990"},{"taxonomy":"product_tag","embeddable":true,"href":"https:\/\/www.contzept.de\/shop\/wp-json\/wp\/v2\/product_tag?post=1990"}],"curies":[{"name":"wp","href":"https:\/\/api.w.org\/{rel}","templated":true}]}}