{"id":2178,"date":"2024-09-05T10:34:32","date_gmt":"2024-09-05T08:34:32","guid":{"rendered":"https:\/\/www.contzept.de\/shop\/?post_type=product&#038;p=2178"},"modified":"2024-12-20T12:47:58","modified_gmt":"2024-12-20T11:47:58","slug":"petzl-ascension","status":"publish","type":"product","link":"https:\/\/www.contzept.de\/shop\/produkt\/petzl-ascension\/","title":{"rendered":"Petzl &#8211; Handsteigklemme ASCENSION"},"content":{"rendered":"<div class=\"list\">\n<ul>\n<li>Einfach und effizient:<br \/>\n&#8211; ergonomisch geformter Griff f\u00fcr eine komfortable und effiziente Handhabung<br \/>\n&#8211; Dank der gro\u00dfen \u00d6ffnung ist der Griff auch mit dicken Handschuhen gut zu fassen.<br \/>\n&#8211; Ergonomisch geformtes Oberteil f\u00fcr maximale Effizienz beim Ziehen mit beiden H\u00e4nden.<br \/>\n&#8211; Komplett in den K\u00f6rper der Seilklemme integrierter Entriegelungshebel, um ein H\u00e4ngenbleiben zu verhindern.<br \/>\n&#8211; Gezahnter Klemmnocken mit Reinigungsschlitz f\u00fcr eine optimale Funktion bei allen Bedingungen (vereistes, verschlammtes Seil usw.).<br \/>\n&#8211; Gro\u00dfe \u00d6se im unteren Bereich zum Einh\u00e4ngen der Karabiner der PROGRESS-Verbindungsmittel oder der FOOTAPE-\/FOOTCORD-Trittschlingen.<br \/>\n&#8211; Obere \u00d6se zum Einh\u00e4ngen des Seils.<\/li>\n<li>Verf\u00fcgbar in je einer Ausf\u00fchrung f\u00fcr die rechte und die linke Hand sowie in schwarz\/gelber oder schwarzer Ausf\u00fchrung.<\/li>\n<\/ul>\n<\/div>\n<h3>Spezifikationen<\/h3>\n<div class=\"list\">\n<ul>\n<li>Material: Aluminium, rostfreier Stahl, Kunststoff, Kautschuk, Nylon<\/li>\n<li>Gewicht: 165 g<\/li>\n<li>Seil-Kompatibilit\u00e4t: 8 bis 13 mm<\/li>\n<li>Zertifizierung(en): CE EN 567, CE EN 12841 type B, UKCA, EAC, NFPA 2500 Technical Use, XF 494 : FZL-SS-Q10\/13<\/li>\n<\/ul>\n<\/div>\n","protected":false},"excerpt":{"rendered":"<p>Handsteigklemme f\u00fcr den Aufstieg am Seil<\/p>\n","protected":false},"featured_media":2181,"template":"","meta":[],"product_brand":[],"product_cat":[165],"product_tag":[],"class_list":{"0":"post-2178","1":"product","2":"type-product","3":"status-publish","4":"has-post-thumbnail","6":"product_cat-seilklemmen","8":"first","9":"instock","10":"taxable","11":"shipping-taxable","12":"purchasable","13":"product-type-variable","14":"has-default-attributes"},"_links":{"self":[{"href":"https:\/\/www.contzept.de\/shop\/wp-json\/wp\/v2\/product\/2178","targetHints":{"allow":["GET"]}}],"collection":[{"href":"https:\/\/www.contzept.de\/shop\/wp-json\/wp\/v2\/product"}],"about":[{"href":"https:\/\/www.contzept.de\/shop\/wp-json\/wp\/v2\/types\/product"}],"wp:featuredmedia":[{"embeddable":true,"href":"https:\/\/www.contzept.de\/shop\/wp-json\/wp\/v2\/media\/2181"}],"wp:attachment":[{"href":"https:\/\/www.contzept.de\/shop\/wp-json\/wp\/v2\/media?parent=2178"}],"wp:term":[{"taxonomy":"product_brand","embeddable":true,"href":"https:\/\/www.contzept.de\/shop\/wp-json\/wp\/v2\/product_brand?post=2178"},{"taxonomy":"product_cat","embeddable":true,"href":"https:\/\/www.contzept.de\/shop\/wp-json\/wp\/v2\/product_cat?post=2178"},{"taxonomy":"product_tag","embeddable":true,"href":"https:\/\/www.contzept.de\/shop\/wp-json\/wp\/v2\/product_tag?post=2178"}],"curies":[{"name":"wp","href":"https:\/\/api.w.org\/{rel}","templated":true}]}}