{"id":2191,"date":"2024-09-05T10:37:05","date_gmt":"2024-09-05T08:37:05","guid":{"rendered":"https:\/\/www.contzept.de\/shop\/?post_type=product&#038;p=2191"},"modified":"2024-12-20T12:42:21","modified_gmt":"2024-12-20T11:42:21","slug":"petzl-basic","status":"publish","type":"product","link":"https:\/\/www.contzept.de\/shop\/produkt\/petzl-basic\/","title":{"rendered":"Petzl &#8211; Seilklemme BASIC"},"content":{"rendered":"<div class=\"list\">\n<ul>\n<li>Die kompakte Seilklemme ist einfach in der Handhabung.<\/li>\n<li>Vielseitig einsetzbar: F\u00fcr den Aufstieg am Fixseil oder als R\u00fccklaufsperre in einem Flaschenzugsystem.<\/li>\n<li>Gezahnter Klemmnocken mit Reinigungsschlitz f\u00fcr eine optimale Funktion bei allen Bedingungen: vereistes, verschlammtes Seil usw. Der Klemmnocken aus Edelstahl gew\u00e4hrleistet eine hohe Korrosionsbest\u00e4ndigkeit.<\/li>\n<li>Die untere \u00d6se ist gro\u00df genug zum Einh\u00e4ngen der Karabiner von Verbindungsmittel und Trittschlinge.<\/li>\n<li>Obere \u00d6se zum Einh\u00e4ngen des Seils.<\/li>\n<\/ul>\n<\/div>\n<h3>Spezifikationen<\/h3>\n<div class=\"list\">\n<ul>\n<li>Material: Aluminium, Edelstahl, Polyamid<\/li>\n<li>Gewicht: 85 g<\/li>\n<li>Seil-Kompatibilit\u00e4t: 8 bis 11 mm<\/li>\n<li>Zertifizierung(en): CE EN 567, CE EN 12841 type B, UKCA, EAC, XF 494<\/li>\n<\/ul>\n<\/div>\n","protected":false},"excerpt":{"rendered":"<p>Kompakte, vielseitige Seilklemme<\/p>\n","protected":false},"featured_media":2192,"template":"","meta":[],"product_brand":[],"product_cat":[165],"product_tag":[],"class_list":{"0":"post-2191","1":"product","2":"type-product","3":"status-publish","4":"has-post-thumbnail","6":"product_cat-seilklemmen","8":"first","9":"instock","10":"taxable","11":"shipping-taxable","12":"purchasable","13":"product-type-variable","14":"has-default-attributes"},"_links":{"self":[{"href":"https:\/\/www.contzept.de\/shop\/wp-json\/wp\/v2\/product\/2191","targetHints":{"allow":["GET"]}}],"collection":[{"href":"https:\/\/www.contzept.de\/shop\/wp-json\/wp\/v2\/product"}],"about":[{"href":"https:\/\/www.contzept.de\/shop\/wp-json\/wp\/v2\/types\/product"}],"wp:featuredmedia":[{"embeddable":true,"href":"https:\/\/www.contzept.de\/shop\/wp-json\/wp\/v2\/media\/2192"}],"wp:attachment":[{"href":"https:\/\/www.contzept.de\/shop\/wp-json\/wp\/v2\/media?parent=2191"}],"wp:term":[{"taxonomy":"product_brand","embeddable":true,"href":"https:\/\/www.contzept.de\/shop\/wp-json\/wp\/v2\/product_brand?post=2191"},{"taxonomy":"product_cat","embeddable":true,"href":"https:\/\/www.contzept.de\/shop\/wp-json\/wp\/v2\/product_cat?post=2191"},{"taxonomy":"product_tag","embeddable":true,"href":"https:\/\/www.contzept.de\/shop\/wp-json\/wp\/v2\/product_tag?post=2191"}],"curies":[{"name":"wp","href":"https:\/\/api.w.org\/{rel}","templated":true}]}}