{"id":2194,"date":"2024-09-05T10:40:18","date_gmt":"2024-09-05T08:40:18","guid":{"rendered":"https:\/\/www.contzept.de\/shop\/?post_type=product&#038;p=2194"},"modified":"2024-12-20T12:41:42","modified_gmt":"2024-12-20T11:41:42","slug":"petzl-rescucender","status":"publish","type":"product","link":"https:\/\/www.contzept.de\/shop\/produkt\/petzl-rescucender\/","title":{"rendered":"Petzl &#8211; Seilklemme RESCUCENDER"},"content":{"rendered":"<div class=\"list\">\n<ul>\n<li>Kann in einem Flaschenzug als Zugsystem oder als R\u00fccklaufsperre eingesetzt werden.<\/li>\n<li>Einfach und ergonomisch:<br \/>\n&#8211; Der \u00f6ffenbare Nocken erm\u00f6glicht es, die Seilklemme \u00fcberall am Seil aufzusetzen und abzunehmen.<br \/>\n&#8211; Unabh\u00e4ngige Sicherheitssperren an jeder Seite des Ger\u00e4ts erleichtern das \u00d6ffnen und reduzieren das Risiko einer unbeabsichtigten \u00d6ffnung. Die Sicherheitssperren verf\u00fcgen \u00fcber eine rote Verriegelungsanzeige.<br \/>\n&#8211; Der fest mit dem K\u00f6rper des Ger\u00e4ts verbundene Reibnocken erleichtert das Handling.<br \/>\n&#8211; Eine gro\u00dfe Verbindungs\u00f6se erleichtert das Drehen des Karabiners.<br \/>\n&#8211; Die integrierte R\u00fcckholfeder verhindert, dass sich die Seilklemme verhakt und erh\u00f6ht die Lebensdauer.<\/li>\n<\/ul>\n<\/div>\n<h3>Spezifikationen<\/h3>\n<div class=\"list\">\n<ul>\n<li>Material: Aluminium, Edelstahl, Polyamid<\/li>\n<li>Gewicht: 260 g<\/li>\n<li>Zertifizierung(en): &#8211; CE EN 567, UKCA bei Verwendung mit einem Seil von 9 bis 13 mm &#8211; XF 494: FZL-Z-Q bei Verwendung mit einem Seil von 9.5 bis 13 mm<\/li>\n<li>Zertifizierung(en): CE EN 12841 Typ B, NFPA 2500 Technical Use, EAC bei Verwendung mit einem Seil von 10 bis 13 mm<\/li>\n<\/ul>\n<\/div>\n","protected":false},"excerpt":{"rendered":"<p>\u00d6ffenbare Seilklemme mit Reibnocken<\/p>\n","protected":false},"featured_media":2195,"template":"","meta":[],"product_brand":[],"product_cat":[165],"product_tag":[],"class_list":{"0":"post-2194","1":"product","2":"type-product","3":"status-publish","4":"has-post-thumbnail","6":"product_cat-seilklemmen","8":"first","9":"instock","10":"taxable","11":"shipping-taxable","12":"purchasable","13":"product-type-variable","14":"has-default-attributes"},"_links":{"self":[{"href":"https:\/\/www.contzept.de\/shop\/wp-json\/wp\/v2\/product\/2194","targetHints":{"allow":["GET"]}}],"collection":[{"href":"https:\/\/www.contzept.de\/shop\/wp-json\/wp\/v2\/product"}],"about":[{"href":"https:\/\/www.contzept.de\/shop\/wp-json\/wp\/v2\/types\/product"}],"wp:featuredmedia":[{"embeddable":true,"href":"https:\/\/www.contzept.de\/shop\/wp-json\/wp\/v2\/media\/2195"}],"wp:attachment":[{"href":"https:\/\/www.contzept.de\/shop\/wp-json\/wp\/v2\/media?parent=2194"}],"wp:term":[{"taxonomy":"product_brand","embeddable":true,"href":"https:\/\/www.contzept.de\/shop\/wp-json\/wp\/v2\/product_brand?post=2194"},{"taxonomy":"product_cat","embeddable":true,"href":"https:\/\/www.contzept.de\/shop\/wp-json\/wp\/v2\/product_cat?post=2194"},{"taxonomy":"product_tag","embeddable":true,"href":"https:\/\/www.contzept.de\/shop\/wp-json\/wp\/v2\/product_tag?post=2194"}],"curies":[{"name":"wp","href":"https:\/\/api.w.org\/{rel}","templated":true}]}}