{"id":2207,"date":"2024-09-05T10:59:06","date_gmt":"2024-09-05T08:59:06","guid":{"rendered":"https:\/\/www.contzept.de\/shop\/?post_type=product&#038;p=2207"},"modified":"2024-12-20T12:37:34","modified_gmt":"2024-12-20T11:37:34","slug":"petzl-jag-system","status":"publish","type":"product","link":"https:\/\/www.contzept.de\/shop\/produkt\/petzl-jag-system\/","title":{"rendered":"Petzl &#8211; Flaschenzug-Set JAG SYSTEM"},"content":{"rendered":"<div class=\"list\">\n<ul>\n<li>Vielseitige Einsatzm\u00f6glichkeiten:<br \/>\n&#8211; Kann zum L\u00f6sen eines Verletzten, zum Einrichten einer l\u00f6sbaren Verankerung, zum Spannen eines Systems usw. eingesetzt werden.<br \/>\n&#8211; Kann mit einem I&#8217;D-Abseilger\u00e4t kombiniert werden, um einen reversiblen Flaschenzug einzurichten und einen Verletzten zu l\u00f6sen und zu evakuieren.<\/li>\n<li>Effizienter Flaschenzug:<br \/>\n&#8211; Das 4:1-Verh\u00e4ltnis reduziert den Kraftaufwand des Anwenders auf 1\/4.<br \/>\n&#8211; Die auf einem gekapselten Kugellager laufenden Rollen gew\u00e4hrleisten einen ausgezeichneten Wirkungsgrad.<br \/>\n&#8211; Zusammengelegt ist das System extrem kompakt und kann auch bei geringer Distanz zum Anschlagpunkt eingesetzt werden.<br \/>\n&#8211; Leichtes Seil von 8 mm. Der Flaschenzug erm\u00f6glicht ein gutes Handling.<\/li>\n<li>Schnelle, einfache Einrichtung:<br \/>\n&#8211; Stets einsatzbereites System dank des flexiblen Seilsacks, der ein Verdrehen des Seils verhindert.<br \/>\n&#8211; Der obere Teil des Flaschenzugs ist gelb gekennzeichnet und leicht identifizierbar.<br \/>\n&#8211; Die Enden des Seilsacks halten die Karabiner in der richtigen Position, um das Einh\u00e4ngen zu erleichtern.<\/li>\n<li>Geliefert mit zwei Am&#8217;D TRIACT-LOCK-Karabinern mit automatischem Verriegelungssystem.<\/li>\n<li>In drei L\u00e4ngen verf\u00fcgbar: 1, 2 und 5 m.<\/li>\n<li>Die Umlenkrollen JAG und JAG TRAXION sind auch separat zum Einrichten gro\u00dfer Flaschenzugsysteme erh\u00e4ltlich (z.B.: Systeme zum Ablassen und Heben bei eingeschr\u00e4nkten Platzverh\u00e4ltnissen).<\/li>\n<\/ul>\n<\/div>\n<h3>Spezifikationen<\/h3>\n<div class=\"list\">\n<ul>\n<li>Material: Aluminium, Polyamid, Polyurethan<\/li>\n<li>Seildurchmesser: 8 mm<\/li>\n<li>Zertifizierung(en): CE EN 358, UKCA, EAC<\/li>\n<li>Seilscheibe (Typ): gekapseltes Kugellager<\/li>\n<li>Gebrauchslast: 6 kN<\/li>\n<li>Bruchlast: 16 kN<\/li>\n<li>Wirkungsgrad: 91 %<\/li>\n<\/ul>\n<\/div>\n","protected":false},"excerpt":{"rendered":"<p>Flaschenzug-Set<\/p>\n","protected":false},"featured_media":2208,"template":"","meta":[],"product_brand":[],"product_cat":[169],"product_tag":[],"class_list":{"0":"post-2207","1":"product","2":"type-product","3":"status-publish","4":"has-post-thumbnail","6":"product_cat-seilrollen","8":"first","9":"instock","10":"taxable","11":"shipping-taxable","12":"purchasable","13":"product-type-variable","14":"has-default-attributes"},"_links":{"self":[{"href":"https:\/\/www.contzept.de\/shop\/wp-json\/wp\/v2\/product\/2207","targetHints":{"allow":["GET"]}}],"collection":[{"href":"https:\/\/www.contzept.de\/shop\/wp-json\/wp\/v2\/product"}],"about":[{"href":"https:\/\/www.contzept.de\/shop\/wp-json\/wp\/v2\/types\/product"}],"wp:featuredmedia":[{"embeddable":true,"href":"https:\/\/www.contzept.de\/shop\/wp-json\/wp\/v2\/media\/2208"}],"wp:attachment":[{"href":"https:\/\/www.contzept.de\/shop\/wp-json\/wp\/v2\/media?parent=2207"}],"wp:term":[{"taxonomy":"product_brand","embeddable":true,"href":"https:\/\/www.contzept.de\/shop\/wp-json\/wp\/v2\/product_brand?post=2207"},{"taxonomy":"product_cat","embeddable":true,"href":"https:\/\/www.contzept.de\/shop\/wp-json\/wp\/v2\/product_cat?post=2207"},{"taxonomy":"product_tag","embeddable":true,"href":"https:\/\/www.contzept.de\/shop\/wp-json\/wp\/v2\/product_tag?post=2207"}],"curies":[{"name":"wp","href":"https:\/\/api.w.org\/{rel}","templated":true}]}}