{"id":2266,"date":"2024-10-08T14:20:28","date_gmt":"2024-10-08T12:20:28","guid":{"rendered":"https:\/\/www.contzept.de\/shop\/?post_type=product&#038;p=2266"},"modified":"2024-12-20T12:26:12","modified_gmt":"2024-12-20T11:26:12","slug":"petzl-xena","status":"publish","type":"product","link":"https:\/\/www.contzept.de\/shop\/produkt\/petzl-xena\/","title":{"rendered":"Petzl &#8211; Stirnlampe XENA"},"content":{"rendered":"<div class=\"list\">\n<ul>\n<li>Leistungsstarke Stirnlampe f\u00fcr den h\u00e4ufigen professionellen Einsatz:<br \/>\n&#8211; 1400 Lumen bei einem Gewicht von nur 185 g,<br \/>\n&#8211; am Hinterkopf getragener Akku f\u00fcr eine ausgewogene Gewichtsverteilung am Kopf und optimalen Komfort,<br \/>\n&#8211; Leuchtdauer bis zu 32 Std. f\u00fcr Eins\u00e4tze \u00fcber vier Tage oder N\u00e4chte ohne Aufladen des Akkus,<br \/>\n&#8211; visueller Komfort dank CONSTANT LIGHTING-Technologie, die eine dauerhaft konstante Leuchtintensit\u00e4t gew\u00e4hrleistet,<br \/>\n&#8211; staub- und wasserdicht (IP67),<br \/>\n&#8211; robuste Bauweise: sto\u00dffest (IK07) und sturzfest (bis 1 Meter).<\/li>\n<li>Mehrere Leuchtstufen und ein BOOST-Modus, um sich allen Arbeitssituationen anzupassen:<br \/>\n&#8211; zwei Leuchtstufen mit breitem Lichtkegel f\u00fcr Arbeiten im unmittelbaren Nahbereich oder im Umgebungsbereich,<br \/>\n&#8211; zwei Leuchtstufen mit kombiniertem Lichtkegel f\u00fcr Arbeiten in weiterer Entfernung und f\u00fcr die Fortbewegung,<br \/>\n&#8211; eine Leuchtstufe mit fokussiertem und leistungsstarkem Lichtkegel f\u00fcr die Fernsicht,<br \/>\n&#8211; ein BOOST-Modus mit fokussierter Beleuchtung von 1400 Lumen w\u00e4hrend 10 Sekunden f\u00fcr vor\u00fcbergehend ben\u00f6tigte Fernsicht in gro\u00dfer Entfernung,<br \/>\n&#8211; rotes Dauer- oder Blinklicht am Hinterkopf, um auch im Dunkeln gesehen zu werden; kann mithilfe eines separaten Schalters schnell ein- oder ausgeschaltet werden.<\/li>\n<li>Anwenderfreundlich:<br \/>\n&#8211; ergonomischer, mit Handschuhen bedienbarer Drehschalter zur einfachen und schnellen Auswahl der Leuchtstufe,<br \/>\n&#8211; automatische LOCK-Funktion ohne manuelles Eingreifen, um ein unbeabsichtigtes Einschalten w\u00e4hrend des Transports und bei Nichtbenutzung der Lampe zu verhindern,<br \/>\n&#8211; die verbleibende Akkulaufzeit l\u00e4sst sich dank einer f\u00fcnfstufigen Anzeige beim Ein- und Ausschalten der Lampe kontrollieren,<br \/>\n&#8211; dank der Tr\u00e4gerplatte kann der Neigungswinkel der Lampe den Anforderungen entsprechend eingestellt werden.<\/li>\n<li>Praktisch:<br \/>\n&#8211; die Kopfb\u00e4nder sind einfach abnehmbar und waschbar,<br \/>\n&#8211; die Tr\u00e4gerplatte ist kompatibel mit Zubeh\u00f6r zum Anbringen der Lampe an einem Helm: selbstklebendes HELMET ADAPT-Befestigungssystem f\u00fcr alle Helmtypen (als Zubeh\u00f6r erh\u00e4ltlich) oder SLOT ADAPT-Befestigungssystem f\u00fcr Helme mit kompatibler Befestigungs\u00f6ffnung (zwei Befestigungssysteme im Lieferumfang der XENA\u00ae-Stirnlampe enthalten).<\/li>\n<li>Wiederaufladbar:<br \/>\n&#8211; Lithium-Ionen-Akku 3200 mAh, aufladbar \u00fcber USB-C-Anschluss,<br \/>\n&#8211; austauschbarer R1-Akku (als Zubeh\u00f6r erh\u00e4ltlich): kann bei Entladung ausgewechselt werden, damit die Aktivit\u00e4t fortgesetzt werden kann,<br \/>\n&#8211; der R1-Akku kann als Notfall-Akku zum Aufladen anderer Ger\u00e4te (Telefon, Armbanduhr usw.) verwendet werden.<\/li>\n<\/ul>\n<\/div>\n<h3>Spezifikationen<\/h3>\n<div class=\"list\">\n<ul>\n<li>Leuchtkraft: 1400 Lumen (ANSI FL 1 STANDARD)<\/li>\n<li>Technologie: CONSTANT LIGHTING<\/li>\n<li>Lichtkegel: breit, kombiniert oder fokussiert<\/li>\n<li>Gewicht: 185 g<\/li>\n<li>Wasserdicht: IP67<\/li>\n<li>Sto\u00dffestigkeit: IK07<\/li>\n<li>Sturzfestigkeit: 1 Meter (ANSI\/PLATO FL 1)<\/li>\n<li>Betriebsm\u00f6glichkeiten: Lithium-Ionen-Akku 3200 mAh, 3,7 V, 11,84 Wh (enthalten)<\/li>\n<li>Ladedauer: 3 Std. 30 Min.<\/li>\n<li>Zertifizierung(en): CE, UKCA<\/li>\n<\/ul>\n<\/div>\n","protected":false},"excerpt":{"rendered":"<p>Leistungsstarke, aufladbare und leichte Stirnlampe mit ausgewogener Gewichtsverteilung und CONSTANT LIGHTING-Technologie. 1400 Lumen<\/p>\n","protected":false},"featured_media":2267,"template":"","meta":[],"product_brand":[],"product_cat":[88],"product_tag":[],"class_list":{"0":"post-2266","1":"product","2":"type-product","3":"status-publish","4":"has-post-thumbnail","6":"product_cat-stirnlampen","8":"first","9":"instock","10":"taxable","11":"shipping-taxable","12":"purchasable","13":"product-type-variable","14":"has-default-attributes"},"_links":{"self":[{"href":"https:\/\/www.contzept.de\/shop\/wp-json\/wp\/v2\/product\/2266","targetHints":{"allow":["GET"]}}],"collection":[{"href":"https:\/\/www.contzept.de\/shop\/wp-json\/wp\/v2\/product"}],"about":[{"href":"https:\/\/www.contzept.de\/shop\/wp-json\/wp\/v2\/types\/product"}],"wp:featuredmedia":[{"embeddable":true,"href":"https:\/\/www.contzept.de\/shop\/wp-json\/wp\/v2\/media\/2267"}],"wp:attachment":[{"href":"https:\/\/www.contzept.de\/shop\/wp-json\/wp\/v2\/media?parent=2266"}],"wp:term":[{"taxonomy":"product_brand","embeddable":true,"href":"https:\/\/www.contzept.de\/shop\/wp-json\/wp\/v2\/product_brand?post=2266"},{"taxonomy":"product_cat","embeddable":true,"href":"https:\/\/www.contzept.de\/shop\/wp-json\/wp\/v2\/product_cat?post=2266"},{"taxonomy":"product_tag","embeddable":true,"href":"https:\/\/www.contzept.de\/shop\/wp-json\/wp\/v2\/product_tag?post=2266"}],"curies":[{"name":"wp","href":"https:\/\/api.w.org\/{rel}","templated":true}]}}