{"id":2641,"date":"2024-12-20T15:20:33","date_gmt":"2024-12-20T14:20:33","guid":{"rendered":"https:\/\/www.contzept.de\/shop\/?post_type=product&#038;p=2641"},"modified":"2026-03-02T13:22:53","modified_gmt":"2026-03-02T12:22:53","slug":"absturzsicherung-gemaess-din14800-17","status":"publish","type":"product","link":"https:\/\/www.contzept.de\/shop\/produkt\/absturzsicherung-gemaess-din14800-17\/","title":{"rendered":"Absturzsicherung gem\u00e4\u00df DIN 14800-17 (Feuerwehr Ger\u00e4tesatz)"},"content":{"rendered":"<p>Ger\u00e4tesatz Absturzsicherung gem\u00e4\u00df DIN 14800-17 enth\u00e4lt:<\/p>\n<ul>\n<li>15x Bandschlinge Petzl ANNEAU 80cm<\/li>\n<li>2x Bandschlinge Petzl ANNEAU 150cm<\/li>\n<li>1x Karabiner Petzl WILLIAM, Triact-Lock<\/li>\n<li>2x Karabiner Petzl OK, Screw-Lock<\/li>\n<li>15x Karabiner Petzl Am\u2019D, Screw-Lock<\/li>\n<li>1x Gurt Petzl AVAO FAST (bitte Gr\u00f6\u00dfe angeben &#8211; ohne Angabe wird Gr\u00f6\u00dfe 1 angenommen)<\/li>\n<li>1x Verbindungsmittel Petzl GRILLON, 2m<\/li>\n<li>2x Handschuhe Petzl CORDEX PLUS (bitte Gr\u00f6\u00dfe angeben &#8211; ohne Angabe wird Gr\u00f6\u00dfe L angenommen)<\/li>\n<li>2x Positionierungsb\u00fcgel Petzl CAPTIV<\/li>\n<li>1x Dynamikseil Edelrid Dynamite 11,0mm, 60m (DIN EN 892)<\/li>\n<li>1x Transsporttasche Petzl DUFFEL 65<\/li>\n<\/ul>\n<p>Au\u00dferdem Teil des Sets:<\/p>\n<ul>\n<li>1x Ablegeplane Petzl TARP PRO<\/li>\n<\/ul>\n","protected":false},"excerpt":{"rendered":"<p>Ger\u00e4tesatz Absturzsicherung gem\u00e4\u00df DIN14800-17<\/p>\n","protected":false},"featured_media":0,"template":"","meta":[],"product_brand":[],"product_cat":[185],"product_tag":[],"class_list":{"0":"post-2641","1":"product","2":"type-product","3":"status-publish","5":"product_cat-bundles","7":"first","8":"instock","9":"taxable","10":"shipping-taxable","11":"purchasable","12":"product-type-variable","13":"has-default-attributes"},"_links":{"self":[{"href":"https:\/\/www.contzept.de\/shop\/wp-json\/wp\/v2\/product\/2641","targetHints":{"allow":["GET"]}}],"collection":[{"href":"https:\/\/www.contzept.de\/shop\/wp-json\/wp\/v2\/product"}],"about":[{"href":"https:\/\/www.contzept.de\/shop\/wp-json\/wp\/v2\/types\/product"}],"wp:attachment":[{"href":"https:\/\/www.contzept.de\/shop\/wp-json\/wp\/v2\/media?parent=2641"}],"wp:term":[{"taxonomy":"product_brand","embeddable":true,"href":"https:\/\/www.contzept.de\/shop\/wp-json\/wp\/v2\/product_brand?post=2641"},{"taxonomy":"product_cat","embeddable":true,"href":"https:\/\/www.contzept.de\/shop\/wp-json\/wp\/v2\/product_cat?post=2641"},{"taxonomy":"product_tag","embeddable":true,"href":"https:\/\/www.contzept.de\/shop\/wp-json\/wp\/v2\/product_tag?post=2641"}],"curies":[{"name":"wp","href":"https:\/\/api.w.org\/{rel}","templated":true}]}}