{"id":337,"date":"2022-01-24T14:54:54","date_gmt":"2022-01-24T13:54:54","guid":{"rendered":"https:\/\/www.contzept.de\/shop\/?post_type=product&#038;p=337"},"modified":"2026-02-06T15:17:49","modified_gmt":"2026-02-06T14:17:49","slug":"petzl-vertex-vent-hi-viz","status":"publish","type":"product","link":"https:\/\/www.contzept.de\/shop\/produkt\/petzl-vertex-vent-hi-viz\/","title":{"rendered":"Petzl &#8211; Helm VERTEX VENT HI-VIZ"},"content":{"rendered":"<div class=\"list\">\n<ul>\n<li>Hoher Tragekomfort:<br \/>\n&#8211; Die 6-Punkt-Textilaufh\u00e4ngung gew\u00e4hrleistet eine optimale Passform.<br \/>\n&#8211; Das CENTERFIT-Einstellsystem mit seinen beiden seitlichen Einstellr\u00e4dchen gew\u00e4hrleistet, dass der Helm mittig auf dem Kopf sitzen bleibt.<br \/>\n&#8211; Mit dem FLIP&amp;FIT-System l\u00e4sst sich das Kopfband in die untere Position platzieren, um einen optimalen Halt des Helms zu gew\u00e4hrleisten. Bei Nichtbenutzung des Helms und zum Transport kann das System in der Helmschale verstaut werden.<br \/>\n&#8211; geliefert mit austauschbarem Standard-Komfortpolster.<\/li>\n<li>Kopfschutz geeignet zum Arbeiten in der H\u00f6he und am Boden bei Tag und Nacht:<br \/>\n&#8211; Das DUAL-Kinnband bietet dem Benutzer die M\u00f6glichkeit, die Haltekraft des Kinnbands zu \u00e4ndern, um den Helm unterschiedlichen Arbeitssituationen anzupassen: Arbeiten in der H\u00f6he (EN 12492) und Arbeiten am Boden (EN 397). Der Clip verf\u00fcgt \u00fcber zwei Positionen f\u00fcr zwei unterschiedliche Einsatzzwecke: hohe Haltekraft, um das Risiko zu reduzieren, dass der Helm bei einem Sturz vom Kopf gerissen wird, und geringe Haltekraft, um das Strangulationsrisiko zu reduzieren, wenn sich der Helm beim Arbeiten am Boden verf\u00e4ngt.<br \/>\n&#8211; Sto\u00dfd\u00e4mpfung durch Verformung der Au\u00dfenschale.<br \/>\n&#8211; Die Bel\u00fcftungs\u00f6ffnungen mit von au\u00dfen verstellbaren Schiebeklappen erm\u00f6glichen eine den Einsatzbedingungen angepasste Bel\u00fcftung des Helms.<br \/>\n&#8211; Au\u00dfenschale in Leuchtfarbe mit phosphoreszierenden Clips und reflektierenden Streifen f\u00fcr eine optimale Sichtbarkeit des Benutzers bei Tag und bei Nacht.<\/li>\n<li>Modulkonzept des Zubeh\u00f6rs:<br \/>\n&#8211; Schutzvisier mit seitlichem EASYCLIP-Befestigungssystem, um das Anbringen zu erleichtern,<br \/>\n&#8211; Petzl-Stirnlampe mit Befestigungssystem oder Stirnlampe mit elastischem Kopfband,<br \/>\n&#8211; Schutz\u00fcberzug, um die Helmschale vor Schmutz und Farbspritzern zu sch\u00fctzen,<br \/>\n&#8211; Nackenschutz, um den Nacken vor Regen und Sonnenstrahlen zu sch\u00fctzen,<br \/>\n&#8211; Ausweishalter, um den Benutzer schnell identifizieren zu k\u00f6nnen,<br \/>\n&#8211; austauschbares Kinnband und Polster,<br \/>\n&#8211; Geh\u00f6rschutz,<br \/>\n&#8211; verf\u00fcgbar in zwei hochsichtbaren Farben: gelb und orange.<\/li>\n<\/ul>\n<\/div>\n<div class=\"youtubeVideo\">\n<div id=\"j_id0:j_id1:j_id111\" class=\"youtubeVideo\"><\/div>\n<\/div>\n<h3>Spezifikationen<\/h3>\n<div class=\"list\">\n<ul>\n<li>Kopfbandumfang: 53-63 cm<\/li>\n<li>Gewicht: 495 g<\/li>\n<li>Material: ABS (Acrylnitril-Butadien-Styrol), Polyamid, Polycarbonat, hochfestes Polyester, Polyethylen<\/li>\n<li>Zertifizierung(en): CE, EN 397, EN 12492, ANSI Z89.1 Type I Class C, EAC<\/li>\n<\/ul>\n<\/div>\n","protected":false},"excerpt":{"rendered":"<p>Komfortabler, bel\u00fcfteter und hochsichtbarer Helm<\/p>\n","protected":false},"featured_media":338,"template":"","meta":[],"product_brand":[],"product_cat":[20,21],"product_tag":[],"class_list":{"0":"post-337","1":"product","2":"type-product","3":"status-publish","4":"has-post-thumbnail","6":"product_cat-helme","7":"product_cat-helme-komfortabel","9":"first","10":"instock","11":"taxable","12":"shipping-taxable","13":"purchasable","14":"product-type-variable","15":"has-default-attributes"},"_links":{"self":[{"href":"https:\/\/www.contzept.de\/shop\/wp-json\/wp\/v2\/product\/337","targetHints":{"allow":["GET"]}}],"collection":[{"href":"https:\/\/www.contzept.de\/shop\/wp-json\/wp\/v2\/product"}],"about":[{"href":"https:\/\/www.contzept.de\/shop\/wp-json\/wp\/v2\/types\/product"}],"wp:featuredmedia":[{"embeddable":true,"href":"https:\/\/www.contzept.de\/shop\/wp-json\/wp\/v2\/media\/338"}],"wp:attachment":[{"href":"https:\/\/www.contzept.de\/shop\/wp-json\/wp\/v2\/media?parent=337"}],"wp:term":[{"taxonomy":"product_brand","embeddable":true,"href":"https:\/\/www.contzept.de\/shop\/wp-json\/wp\/v2\/product_brand?post=337"},{"taxonomy":"product_cat","embeddable":true,"href":"https:\/\/www.contzept.de\/shop\/wp-json\/wp\/v2\/product_cat?post=337"},{"taxonomy":"product_tag","embeddable":true,"href":"https:\/\/www.contzept.de\/shop\/wp-json\/wp\/v2\/product_tag?post=337"}],"curies":[{"name":"wp","href":"https:\/\/api.w.org\/{rel}","templated":true}]}}