{"id":368,"date":"2022-01-24T16:46:53","date_gmt":"2022-01-24T15:46:53","guid":{"rendered":"https:\/\/www.contzept.de\/shop\/?post_type=product&#038;p=368"},"modified":"2024-12-20T14:05:24","modified_gmt":"2024-12-20T13:05:24","slug":"petzl-duffel-85","status":"publish","type":"product","link":"https:\/\/www.contzept.de\/shop\/produkt\/petzl-duffel-85\/","title":{"rendered":"Petzl &#8211; Transporttasche DUFFEL 85"},"content":{"rendered":"<div class=\"list\">\n<ul>\n<li>Ergonomische, komfortable Transporttasche mit einem Volumen von 85 Litern:<br \/>\n&#8211; R\u00fccken und Schultergurte gepolstert und anpassbar f\u00fcr einen angenehmen Tragekomfort,<br \/>\n&#8211; zwei Trageoptionen: als Rucksack oder \u00fcber die Schulter geh\u00e4ngt,<br \/>\n&#8211; vier Kompressionsriemen, um das Volumen der Transporttasche zu optimieren und die Ausr\u00fcstung w\u00e4hrend des Transports zu sichern,<br \/>\n&#8211; abnehmbare Schultertr\u00e4ger mit schnell \u00f6ffnenden Schnallen.<\/li>\n<li>Einfacher Zugriff auf die Ausr\u00fcstung:<br \/>\n&#8211; gro\u00dfe D-f\u00f6rmige \u00d6ffnung zum einfachen und \u00fcbersichtlichen Verstauen der Ausr\u00fcstung,<br \/>\n&#8211; Innenklappe mit zwei F\u00e4chern, eines davon mit Schl\u00fcsselanh\u00e4nger, zum Verstauen von Papieren und pers\u00f6nlichen Wertsachen,<br \/>\n&#8211; gro\u00dfes Seitenfach mit Rei\u00dfverschluss, um Helm, Schuhe und andere Dinge vom Rest der Ausr\u00fcstung zu trennen,<br \/>\n&#8211; ID-Fenster, um die Transporttasche schnell und einfach zu identifizieren,<br \/>\n&#8211; vier Tragegriffe aus Gurtband, um das Handling zu erleichtern,<br \/>\n&#8211; acht Materialschlaufen aus Gurtband im Inneren der Tasche,<br \/>\n&#8211; Rei\u00dfverschl\u00fcsse, die mit einem Vorh\u00e4ngeschloss gesichert werden k\u00f6nnen.<\/li>\n<li>Hohe Strapazierf\u00e4higkeit f\u00fcr den intensiven Einsatz:<br \/>\n&#8211; Robuste Plane aus TPU (ohne PVC) f\u00fcr den regelm\u00e4\u00dfigen bis intensiven Gebrauch. Die TPU-Plane ist best\u00e4ndig gegen UV-Strahlen (kein Verbleichen), \u00d6l, Fette, Hitze und K\u00e4lte. Sie enth\u00e4lt kein Chlor (geruchsneutral) und ist recyclingf\u00e4hig.<br \/>\n&#8211; Der Boden und die schwarze Seite sind zur Erh\u00f6hung von Abrieb- und Weiterrei\u00dffestigkeit verschwei\u00dft.<br \/>\n&#8211; Die Schultertr\u00e4ger sind mit Schnallen aus korrosionsgesch\u00fctztem Stahl ausgestattet.<\/li>\n<li>Verf\u00fcgbar in zwei Farben (Gelb\/Schwarz und Schwarz).<\/li>\n<\/ul>\n<\/div>\n<h3>Spezifikationen<\/h3>\n<div class=\"list\">\n<ul>\n<li>Gewicht: 1550 g<\/li>\n<li>Abmessungen: 70 x 40 x 32 cm<\/li>\n<li>Empfohlene Gebrauchslast: 35 kg<\/li>\n<li>Maximale Last: 70 kg<\/li>\n<li>Material: TPU-Plane (ohne PVC), Polypropylen, Stahl, Polyamid<\/li>\n<\/ul>\n<\/div>\n","protected":false},"excerpt":{"rendered":"<div class=\"list\">\n<p>Transporttasche mit gro\u00dfem Volumen<\/p>\n<\/div>\n","protected":false},"featured_media":369,"template":"","meta":[],"product_brand":[],"product_cat":[73],"product_tag":[],"class_list":{"0":"post-368","1":"product","2":"type-product","3":"status-publish","4":"has-post-thumbnail","6":"product_cat-transportsaecke-zubehoer","8":"first","9":"instock","10":"taxable","11":"shipping-taxable","12":"purchasable","13":"product-type-variable","14":"has-default-attributes"},"_links":{"self":[{"href":"https:\/\/www.contzept.de\/shop\/wp-json\/wp\/v2\/product\/368","targetHints":{"allow":["GET"]}}],"collection":[{"href":"https:\/\/www.contzept.de\/shop\/wp-json\/wp\/v2\/product"}],"about":[{"href":"https:\/\/www.contzept.de\/shop\/wp-json\/wp\/v2\/types\/product"}],"wp:featuredmedia":[{"embeddable":true,"href":"https:\/\/www.contzept.de\/shop\/wp-json\/wp\/v2\/media\/369"}],"wp:attachment":[{"href":"https:\/\/www.contzept.de\/shop\/wp-json\/wp\/v2\/media?parent=368"}],"wp:term":[{"taxonomy":"product_brand","embeddable":true,"href":"https:\/\/www.contzept.de\/shop\/wp-json\/wp\/v2\/product_brand?post=368"},{"taxonomy":"product_cat","embeddable":true,"href":"https:\/\/www.contzept.de\/shop\/wp-json\/wp\/v2\/product_cat?post=368"},{"taxonomy":"product_tag","embeddable":true,"href":"https:\/\/www.contzept.de\/shop\/wp-json\/wp\/v2\/product_tag?post=368"}],"curies":[{"name":"wp","href":"https:\/\/api.w.org\/{rel}","templated":true}]}}