{"id":420,"date":"2022-01-24T17:42:47","date_gmt":"2022-01-24T16:42:47","guid":{"rendered":"https:\/\/www.contzept.de\/shop\/?post_type=product&#038;p=420"},"modified":"2024-12-20T14:00:47","modified_gmt":"2024-12-20T13:00:47","slug":"petzl-caritool","status":"publish","type":"product","link":"https:\/\/www.contzept.de\/shop\/produkt\/petzl-caritool\/","title":{"rendered":"Petzl &#8211; Ger\u00e4tehalter CARITOOL"},"content":{"rendered":"<div class=\"list\">\n<ul>\n<li>Der CARITOOL ist so konzipiert, dass die Arbeitsger\u00e4te mit einer Hand entnommen und eingeh\u00e4ngt werden k\u00f6nnen.<\/li>\n<li>Er wird am Gurtband des Gurts angeh\u00e4ngt und bleibt immer in der richtigen Position.<\/li>\n<li>Die kleine \u00d6se dient zum Befestigen einer Reepschnur, um Werkzeug zu sichern.<\/li>\n<li>Der obere Bereich ist zum Sortieren und Organisieren der Arbeitsger\u00e4te vorgesehen.<\/li>\n<li>Der Schnapper ist mit einer Kunststoffabdeckung versehen, um das Risiko des H\u00e4ngenbleibens zu reduzieren.<\/li>\n<li>Verf\u00fcgbar in zwei Gr\u00f6\u00dfen: S und L.<\/li>\n<\/ul>\n<\/div>\n<h3>Spezifikationen<\/h3>\n<div class=\"list\">\n<ul>\n<li>Achtung: Dieser Ger\u00e4tehalter ist keine PSA.<\/li>\n<\/ul>\n<\/div>\n","protected":false},"excerpt":{"rendered":"<p>Ger\u00e4tehalter f\u00fcr Klettergurte<\/p>\n","protected":false},"featured_media":421,"template":"","meta":[],"product_brand":[],"product_cat":[30,81],"product_tag":[],"class_list":{"0":"post-420","1":"product","2":"type-product","3":"status-publish","4":"has-post-thumbnail","6":"product_cat-gurte","7":"product_cat-gurte-zubehoer","9":"first","10":"instock","11":"taxable","12":"shipping-taxable","13":"purchasable","14":"product-type-variable","15":"has-default-attributes"},"_links":{"self":[{"href":"https:\/\/www.contzept.de\/shop\/wp-json\/wp\/v2\/product\/420","targetHints":{"allow":["GET"]}}],"collection":[{"href":"https:\/\/www.contzept.de\/shop\/wp-json\/wp\/v2\/product"}],"about":[{"href":"https:\/\/www.contzept.de\/shop\/wp-json\/wp\/v2\/types\/product"}],"wp:featuredmedia":[{"embeddable":true,"href":"https:\/\/www.contzept.de\/shop\/wp-json\/wp\/v2\/media\/421"}],"wp:attachment":[{"href":"https:\/\/www.contzept.de\/shop\/wp-json\/wp\/v2\/media?parent=420"}],"wp:term":[{"taxonomy":"product_brand","embeddable":true,"href":"https:\/\/www.contzept.de\/shop\/wp-json\/wp\/v2\/product_brand?post=420"},{"taxonomy":"product_cat","embeddable":true,"href":"https:\/\/www.contzept.de\/shop\/wp-json\/wp\/v2\/product_cat?post=420"},{"taxonomy":"product_tag","embeddable":true,"href":"https:\/\/www.contzept.de\/shop\/wp-json\/wp\/v2\/product_tag?post=420"}],"curies":[{"name":"wp","href":"https:\/\/api.w.org\/{rel}","templated":true}]}}