{"id":561,"date":"2022-01-27T12:53:56","date_gmt":"2022-01-27T11:53:56","guid":{"rendered":"https:\/\/www.contzept.de\/shop\/?post_type=product&#038;p=561"},"modified":"2025-09-10T13:26:54","modified_gmt":"2025-09-10T11:26:54","slug":"petzl-avao","status":"publish","type":"product","link":"https:\/\/www.contzept.de\/shop\/produkt\/petzl-avao\/","title":{"rendered":"Petzl &#8211; Gurt AVAO"},"content":{"rendered":"<div class=\"list\">\n<ul>\n<li>Komfortable Bauweise:<br \/>\n&#8211; Die ergonomisch geformten Schultertr\u00e4ger reduzieren Reibungspunkte an Nacken oder Hals.<br \/>\n&#8211; Die schmalen, beweglichen Gurtb\u00e4nder sorgen f\u00fcr erh\u00f6hten Komfort und optimale Bewegungsfreiheit.<br \/>\n&#8211; Alle Kontaktfl\u00e4chen (Schultertr\u00e4ger, H\u00fcftgurt und Beinschlaufen) sind aus vorgeformten Schaumstoff mit atmungsaktivem Futtergewebe gefertigt, sodass die arbeitende Person sich bequem fortbewegen und arbeiten kann.<br \/>\n&#8211; H\u00fcftgurt und Beinschlaufen sind halbstarr und sorgen dadurch f\u00fcr eine optimale Positionierung und perfekten Halt des Gurts an der anwendenden Person.<br \/>\n&#8211; Die seitlichen Befestigungs\u00f6sen aus Metall k\u00f6nnen eingeklappt werden, um ein H\u00e4ngenbleiben zu verhindern, wenn sie nicht benutzt werden.<br \/>\n&#8211; Die R\u00fcckseite der Oberschenkel ist mit elastischen Gurtb\u00e4ndern (austauschbar \u2013 als Zubeh\u00f6r erh\u00e4ltlich) ausgestattet, die sowohl beim Gehen als auch beim Sitzen im Gurt daf\u00fcr sorgen, dass die richtige Einstellung beibehalten wird.<\/li>\n<li>Praktische Einstellm\u00f6glichkeit:<br \/>\n&#8211; Dank den selbstverriegelnden DOUBLEBACK-Schnallen an Schultertr\u00e4gern, H\u00fcftgurt und Beinschlaufen l\u00e4sst sich der Gurt praktisch und einfach einstellen.<br \/>\n&#8211; Die an den DOUBLEBACK-Schnallen angebrachten Antirutschelemente sorgen daf\u00fcr, dass die Einstellung w\u00e4hrend der Arbeitsphasen beibehalten wird.<\/li>\n<li>Praktisches Design f\u00fcr einfachen Transport und \u00fcbersichtliche Verteilung der Ausr\u00fcstung:<br \/>\n&#8211; Der ventrale D-Ring aus Metall ist mit Verbindungs\u00f6sen zum Anbringen eines PODIUM- oder LITEPOD-Sitzbretts ausgestattet.<br \/>\n&#8211; Die ventrale Verbindungs\u00f6se ist mit einer speziellen Textilschlaufe ausgestattet, an der mithilfe eines RING OPEN-Verbindungsrings ein Verbindungsmittel installiert werden kann.<br \/>\n&#8211; Zwei seitliche Befestigungs\u00f6sen aus Metall zum Befestigen eines Verbindungsmittels zur Arbeitsplatzpositionierung an beiden \u00d6sen.<br \/>\n&#8211; F\u00fcnf ummantelte, vorgeformte Materialschlaufen.<br \/>\n&#8211; Zwei Befestigungsm\u00f6glichkeiten f\u00fcr CARITOOL-Ger\u00e4tehalter oder INTERFAST-Befestigungssystemen.<\/li>\n<\/ul>\n<\/div>\n<h3>Video<\/h3>\n<div class=\"youtubeVideo\">\n<div id=\"j_id0:j_id1:j_id126\" class=\"youtubeVideo\"><iframe data-src=\"https:\/\/player.vimeo.com\/video\/1033399110\" width=\"1200\" height=\"710\" frameborder=\"0\" allowfullscreen=\"allowfullscreen\" data-mce-fragment=\"1\" src=\"data:image\/svg+xml;base64,PHN2ZyB3aWR0aD0iMSIgaGVpZ2h0PSIxIiB4bWxucz0iaHR0cDovL3d3dy53My5vcmcvMjAwMC9zdmciPjwvc3ZnPg==\" class=\"lazyload\" data-load-mode=\"1\"><\/iframe><\/div>\n<\/div>\n<h3>Spezifikationen<\/h3>\n<div class=\"list\">\n<ul>\n<li>Zentrale Halte\u00f6se: Zum Einh\u00e4ngen eines Abseilger\u00e4ts, eines Verbindungsmittel zur Arbeitsplatzpositionierung an einer \u00d6se, eines Sitzbretts am ventralen D-Ring und eines Verbindungsmittels mithilfe eines am textilen Befestigungspunkt installierten RING OPEN.<\/li>\n<li>Seitliche Halte\u00f6sen: Zum Einh\u00e4ngen eines Verbindungsmittels zur Arbeitsplatzpositionierung an beiden Befestigungs\u00f6sen.<\/li>\n<li>Vordere Auffang\u00f6se auf Brusth\u00f6he: Zum Einh\u00e4ngen eines Auffangsystems.<\/li>\n<li>R\u00fcckseitige Auffang\u00f6se: Zum Einh\u00e4ngen eines Auffangsystems.<\/li>\n<li>\u00d6se an der R\u00fcckseite des H\u00fcftgurts: Zum Einh\u00e4ngen eines R\u00fcckhaltesystems.<\/li>\n<li>Zertifizierung(en): CE EN 361, EN 813, EN 358<\/li>\n<li>Material: Polyamid, Polyester, Aluminium, Stahl<\/li>\n<\/ul>\n<\/div>\n","protected":false},"excerpt":{"rendered":"<p>Komfortabler, vielseitiger Gurt f\u00fcr die H\u00f6henarbeit<\/p>\n","protected":false},"featured_media":3353,"template":"","meta":[],"product_brand":[],"product_cat":[30,79],"product_tag":[],"class_list":{"0":"post-561","1":"product","2":"type-product","3":"status-publish","4":"has-post-thumbnail","6":"product_cat-gurte","7":"product_cat-gurte-halt","9":"first","10":"instock","11":"taxable","12":"shipping-taxable","13":"purchasable","14":"product-type-variable","15":"has-default-attributes"},"_links":{"self":[{"href":"https:\/\/www.contzept.de\/shop\/wp-json\/wp\/v2\/product\/561","targetHints":{"allow":["GET"]}}],"collection":[{"href":"https:\/\/www.contzept.de\/shop\/wp-json\/wp\/v2\/product"}],"about":[{"href":"https:\/\/www.contzept.de\/shop\/wp-json\/wp\/v2\/types\/product"}],"wp:featuredmedia":[{"embeddable":true,"href":"https:\/\/www.contzept.de\/shop\/wp-json\/wp\/v2\/media\/3353"}],"wp:attachment":[{"href":"https:\/\/www.contzept.de\/shop\/wp-json\/wp\/v2\/media?parent=561"}],"wp:term":[{"taxonomy":"product_brand","embeddable":true,"href":"https:\/\/www.contzept.de\/shop\/wp-json\/wp\/v2\/product_brand?post=561"},{"taxonomy":"product_cat","embeddable":true,"href":"https:\/\/www.contzept.de\/shop\/wp-json\/wp\/v2\/product_cat?post=561"},{"taxonomy":"product_tag","embeddable":true,"href":"https:\/\/www.contzept.de\/shop\/wp-json\/wp\/v2\/product_tag?post=561"}],"curies":[{"name":"wp","href":"https:\/\/api.w.org\/{rel}","templated":true}]}}