{"id":624,"date":"2022-01-27T15:55:51","date_gmt":"2022-01-27T14:55:51","guid":{"rendered":"https:\/\/www.contzept.de\/shop\/?post_type=product&#038;p=624"},"modified":"2024-12-20T13:52:11","modified_gmt":"2024-12-20T12:52:11","slug":"petzl-pitagor","status":"publish","type":"product","link":"https:\/\/www.contzept.de\/shop\/produkt\/petzl-pitagor\/","title":{"rendered":"Petzl &#8211; Rettungsdreieck PITAGOR"},"content":{"rendered":"<div class=\"list\">\n<ul>\n<li>Schultertr\u00e4ger erleichtern das Anlegen.<\/li>\n<li>L\u00e4sst sich dank der selbstverriegelnden DOUBLEBACK-Schnallen schnell und einfach in der Gr\u00f6\u00dfe anpassen.<\/li>\n<\/ul>\n<\/div>\n<h3>Spezifikationen<\/h3>\n<div class=\"list\">\n<ul>\n<li>Gewicht: 1290 g<\/li>\n<li>Zertifizierung(en): CE, EN 1497, EN 1498<\/li>\n<\/ul>\n<\/div>\n","protected":false},"excerpt":{"rendered":"<p>Rettungsdreieck mit Schultertr\u00e4gern<\/p>\n","protected":false},"featured_media":1268,"template":"","meta":[],"product_brand":[],"product_cat":[32,30],"product_tag":[],"class_list":{"0":"post-624","1":"product","2":"type-product","3":"status-publish","4":"has-post-thumbnail","6":"product_cat-gurte-rettung","7":"product_cat-gurte","9":"first","10":"instock","11":"taxable","12":"shipping-taxable","13":"purchasable","14":"product-type-variable","15":"has-default-attributes"},"_links":{"self":[{"href":"https:\/\/www.contzept.de\/shop\/wp-json\/wp\/v2\/product\/624","targetHints":{"allow":["GET"]}}],"collection":[{"href":"https:\/\/www.contzept.de\/shop\/wp-json\/wp\/v2\/product"}],"about":[{"href":"https:\/\/www.contzept.de\/shop\/wp-json\/wp\/v2\/types\/product"}],"wp:featuredmedia":[{"embeddable":true,"href":"https:\/\/www.contzept.de\/shop\/wp-json\/wp\/v2\/media\/1268"}],"wp:attachment":[{"href":"https:\/\/www.contzept.de\/shop\/wp-json\/wp\/v2\/media?parent=624"}],"wp:term":[{"taxonomy":"product_brand","embeddable":true,"href":"https:\/\/www.contzept.de\/shop\/wp-json\/wp\/v2\/product_brand?post=624"},{"taxonomy":"product_cat","embeddable":true,"href":"https:\/\/www.contzept.de\/shop\/wp-json\/wp\/v2\/product_cat?post=624"},{"taxonomy":"product_tag","embeddable":true,"href":"https:\/\/www.contzept.de\/shop\/wp-json\/wp\/v2\/product_tag?post=624"}],"curies":[{"name":"wp","href":"https:\/\/api.w.org\/{rel}","templated":true}]}}