{"id":651,"date":"2022-01-27T16:54:59","date_gmt":"2022-01-27T15:54:59","guid":{"rendered":"https:\/\/www.contzept.de\/shop\/?post_type=product&#038;p=651"},"modified":"2025-01-07T13:28:33","modified_gmt":"2025-01-07T12:28:33","slug":"petzl-sequoia","status":"publish","type":"product","link":"https:\/\/www.contzept.de\/shop\/produkt\/petzl-sequoia\/","title":{"rendered":"Petzl &#8211; Gurt SEQUOIA"},"content":{"rendered":"<div class=\"list\">\n<ul>\n<li>Optimaler Komfort:<br \/>\n&#8211; Halbstarre, extra breite Beinschlaufen und H\u00fcftgurt sorgen f\u00fcr guten Halt. Sie sind vorgeformt und mit atmungsaktivem Schaumstoff gepolstert, um den Komfort beim freien H\u00e4ngen zu verbessern.<br \/>\n&#8211; Zwei aufschraubbare Befestigungs\u00f6sen erm\u00f6glichen das Einh\u00e4ngen eines ZILLON- oder MICROFLIP-Verbindungsmittels, die Installation mehrerer Seilbr\u00fccken (fix oder einstellbar) und die direkte Befestigung von Zubeh\u00f6ren (RING, SWIVEL) an der Seilbr\u00fccke.<br \/>\n&#8211; Seilbr\u00fccke f\u00fcr maximale seitliche Bewegungsfreiheit.<br \/>\n&#8211; Die beweglichen seitlichen Befestigungs\u00f6sen passen sich bei seitlicher Fortbewegung der Ausrichtung des Verbindungsmittels an.<\/li>\n<li>Praktische Einstellm\u00f6glichkeiten:<br \/>\n&#8211; Der H\u00fcftgurt verf\u00fcgt \u00fcber eine FAST-Schnalle zum schnellen und einfachen \u00d6ffnen und Schlie\u00dfen (auch mit Handschuhen), ohne die Einstellung zu ver\u00e4ndern.<br \/>\n&#8211; Die FAST LT PLUS-Schnallen der Beinschlaufen sind mit einem Entriegelungssystem versehen, um das Risiko einer unbeabsichtigten \u00d6ffnung zu reduzieren.<br \/>\n&#8211; Die DOUBLEBACK-Schnallen erm\u00f6glichen die H\u00f6heneinstellung der Seilbr\u00fccke f\u00fcr eine komfortable Arbeitsposition des Baumpflegers. Die Schnallen verf\u00fcgen \u00fcber eine Kunststoffabdeckung, die ihre Verriegelung gew\u00e4hrleistet.<\/li>\n<li>Einfacher Transport und gute Organisation der Arbeitsger\u00e4te:<br \/>\n&#8211; neun vorgeformte, ummantelte Materialschlaufen<br \/>\n&#8211; f\u00fcnf Befestigungsm\u00f6glichkeiten f\u00fcr CARITOOL-Ger\u00e4tehalter<br \/>\n&#8211; zwei Befestigungsm\u00f6glichkeiten f\u00fcr einen Karabiner zum Transportieren einer Motor- oder Hands\u00e4ge<br \/>\n&#8211; elastischer Riemen zum Befestigen einer Notfalltasche<\/li>\n<li>Befestigungsm\u00f6glichkeit f\u00fcr ein Sitzbrett, um den Komfort beim freih\u00e4ngenden Arbeiten zu verbessern.<\/li>\n<\/ul>\n<\/div>\n<h3>Spezifikationen<\/h3>\n<div class=\"list\">\n<ul>\n<li>Halte\u00f6sen: Seilbr\u00fccke, aufschraubbare Befestigungs\u00f6sen, seitliche Befestigungs\u00f6sen<\/li>\n<li>Zertifizierung(en): CE EN 358, CE EN 813, UKCA, EAC<\/li>\n<li>Material: Polyamid, Polyester, Polyethylen, Aluminium, Stahl<\/li>\n<\/ul>\n<\/div>\n","protected":false},"excerpt":{"rendered":"<p>Sitz- und Haltegurt f\u00fcr die Baumpflege zum Aufstieg am Doppelstrang<\/p>\n","protected":false},"featured_media":653,"template":"","meta":[],"product_brand":[],"product_cat":[80,30],"product_tag":[],"class_list":{"0":"post-651","1":"product","2":"type-product","3":"status-publish","4":"has-post-thumbnail","6":"product_cat-gurte-sonder","7":"product_cat-gurte","9":"first","10":"instock","11":"taxable","12":"shipping-taxable","13":"purchasable","14":"product-type-variable","15":"has-default-attributes"},"_links":{"self":[{"href":"https:\/\/www.contzept.de\/shop\/wp-json\/wp\/v2\/product\/651","targetHints":{"allow":["GET"]}}],"collection":[{"href":"https:\/\/www.contzept.de\/shop\/wp-json\/wp\/v2\/product"}],"about":[{"href":"https:\/\/www.contzept.de\/shop\/wp-json\/wp\/v2\/types\/product"}],"wp:featuredmedia":[{"embeddable":true,"href":"https:\/\/www.contzept.de\/shop\/wp-json\/wp\/v2\/media\/653"}],"wp:attachment":[{"href":"https:\/\/www.contzept.de\/shop\/wp-json\/wp\/v2\/media?parent=651"}],"wp:term":[{"taxonomy":"product_brand","embeddable":true,"href":"https:\/\/www.contzept.de\/shop\/wp-json\/wp\/v2\/product_brand?post=651"},{"taxonomy":"product_cat","embeddable":true,"href":"https:\/\/www.contzept.de\/shop\/wp-json\/wp\/v2\/product_cat?post=651"},{"taxonomy":"product_tag","embeddable":true,"href":"https:\/\/www.contzept.de\/shop\/wp-json\/wp\/v2\/product_tag?post=651"}],"curies":[{"name":"wp","href":"https:\/\/api.w.org\/{rel}","templated":true}]}}