{"id":745,"date":"2022-03-16T15:54:56","date_gmt":"2022-03-16T14:54:56","guid":{"rendered":"https:\/\/www.contzept.de\/shop\/?post_type=product&#038;p=745"},"modified":"2024-12-20T13:50:32","modified_gmt":"2024-12-20T12:50:32","slug":"petzl-astro-bod-fast","status":"publish","type":"product","link":"https:\/\/www.contzept.de\/shop\/produkt\/petzl-astro-bod-fast\/","title":{"rendered":"Petzl &#8211; Gurt ASTRO BOD FAST"},"content":{"rendered":"<div class=\"list\">\n<ul>\n<li>Die ventrale \u00d6se kann zum Einh\u00e4ngen der Ausr\u00fcstung ge\u00f6ffnet werden:<br \/>\n&#8211; Das PROGRESS-Verbindungsmittel wird ohne Verwendung eines Verbindungselements direkt am Mittelstift eingeh\u00e4ngt.<br \/>\n&#8211; An der ventralen \u00d6se eingeh\u00e4ngt verbessert die CROLL L-Bruststeigklemme die Effizienz beim Aufstieg am Seil.<br \/>\n&#8211; Die Befestigung des PODIUM-Sitzes am Mittelstift erm\u00f6glicht eine direkte Verbindung mit dem Abseilger\u00e4t und gew\u00e4hrleistet gleichzeitig die Beweglichkeit der ventralen \u00d6se.<\/li>\n<li>Extrem komfortable Bauweise:<br \/>\n&#8211; Der halbstarre, breite H\u00fcftgurt und die halbstarren, breiten Beinschlaufen gew\u00e4hrleisten optimalen Halt. Sie sind vorgeformt und mit atmungsaktivem Schaumstoff gepolstert, um den Komfort beim freih\u00e4ngenden Arbeiten zu gew\u00e4hrleisten.<br \/>\n&#8211; Durch die ergonomische Form der schaumstoffgepolsterten Schultertr\u00e4ger werden Reibungspunkte an Nacken oder Hals reduziert. Bei Belastung des H\u00fcftgurts wird die Last auf die Schultertr\u00e4ger \u00fcbertragen und auf die Schultern verteilt.<br \/>\n&#8211; Seitliche Befestigungs\u00f6sen aus Gurtband mit Kunststoffeinlage erleichtern das Einh\u00e4ngen der Ausr\u00fcstung und sorgen f\u00fcr geringes Gewicht und Packma\u00df.<\/li>\n<li>Praktische Einstellm\u00f6glichkeiten:<br \/>\n&#8211; H\u00fcftgurt und Schultertr\u00e4ger sind mit selbstverriegelnden DOUBLEBACK PLUS-Schnallen ausgestattet und lassen sich schnell und einfach einstellen.<br \/>\n&#8211; Beinschlaufen mit FAST LT-Schnallen zum leichten und schnellen \u00d6ffnen und Schlie\u00dfen (auch mit Handschuhen), ohne die Einstellung zu ver\u00e4ndern.<br \/>\n&#8211; Selbstverriegelnde DOUBLEBACK-Schnallen an der R\u00fcckseite des Gurts zwischen H\u00fcftgurt und Beinschlaufen erm\u00f6glichen eine Anpassung zur Benutzung der dorsalen Auffang\u00f6se. Im Falle eines Sturzes in diese \u00d6se erm\u00f6glicht eine k\u00fcrzere Einstellung die Verteilung des Gewichts auf die Beinschlaufen, so dass der Anwender komfortabel im Gurt h\u00e4ngt, w\u00e4hrend er auf die Rettung wartet.<\/li>\n<li>Einfacher Transport und gute Organisation der Arbeitsger\u00e4te:<br \/>\n&#8211; sechs vorgeformte, ummantelte Materialschlaufen,<br \/>\n&#8211; zwei Befestigungsm\u00f6glichkeiten f\u00fcr CARITOOL-Ger\u00e4tehalter,<br \/>\n&#8211; zwei Befestigungsm\u00f6glichkeiten f\u00fcr TOOLBAG-Werkzeugtaschen.<\/li>\n<\/ul>\n<\/div>\n<div class=\"youtubeVideo\">\n<div id=\"j_id0:j_id1:j_id111\" class=\"youtubeVideo\"><span style=\"font-size: 1.618em;\">Spezifikationen<\/span><\/div>\n<\/div>\n<div class=\"list\">\n<ul>\n<li>Zentrale Halte\u00f6se: zum Einh\u00e4ngen eines Abseilger\u00e4ts, eines Verbindungsmittels zur Arbeitsplatzpositionierung, eines Verbindungsmittels f\u00fcr den Aufstieg und eines Sitzbretts<\/li>\n<li>Seitliche Halte\u00f6sen: zum Befestigen eines Verbindungsmittels zur Arbeitsplatzpositionierung an beiden Befestigungs\u00f6sen<\/li>\n<li>Vordere Auffang\u00f6se auf Brusth\u00f6he: zum Einh\u00e4ngen des Auffangsystems<\/li>\n<li>R\u00fcckseitige Auffang\u00f6se: zum Einh\u00e4ngen des Auffangsystems<\/li>\n<li>\u00d6se an der R\u00fcckseite des H\u00fcftgurts: zum Einh\u00e4ngen eines R\u00fcckhaltesystems<\/li>\n<li>Zertifizierung(en): CE EN 361, CE EN 358, CE EN 813, CE EN 12841 type B, UKCA, EAC<\/li>\n<li>Material: Polyamid, Polyester, Aluminium, Stahl<\/li>\n<\/ul>\n<\/div>\n","protected":false},"excerpt":{"rendered":"<p>Ultrakomfortabler Gurt f\u00fcr schwer zug\u00e4ngliche Bereiche<\/p>\n","protected":false},"featured_media":747,"template":"","meta":[],"product_brand":[],"product_cat":[80,30],"product_tag":[],"class_list":{"0":"post-745","1":"product","2":"type-product","3":"status-publish","4":"has-post-thumbnail","6":"product_cat-gurte-sonder","7":"product_cat-gurte","9":"first","10":"instock","11":"taxable","12":"shipping-taxable","13":"purchasable","14":"product-type-variable","15":"has-default-attributes"},"_links":{"self":[{"href":"https:\/\/www.contzept.de\/shop\/wp-json\/wp\/v2\/product\/745","targetHints":{"allow":["GET"]}}],"collection":[{"href":"https:\/\/www.contzept.de\/shop\/wp-json\/wp\/v2\/product"}],"about":[{"href":"https:\/\/www.contzept.de\/shop\/wp-json\/wp\/v2\/types\/product"}],"wp:featuredmedia":[{"embeddable":true,"href":"https:\/\/www.contzept.de\/shop\/wp-json\/wp\/v2\/media\/747"}],"wp:attachment":[{"href":"https:\/\/www.contzept.de\/shop\/wp-json\/wp\/v2\/media?parent=745"}],"wp:term":[{"taxonomy":"product_brand","embeddable":true,"href":"https:\/\/www.contzept.de\/shop\/wp-json\/wp\/v2\/product_brand?post=745"},{"taxonomy":"product_cat","embeddable":true,"href":"https:\/\/www.contzept.de\/shop\/wp-json\/wp\/v2\/product_cat?post=745"},{"taxonomy":"product_tag","embeddable":true,"href":"https:\/\/www.contzept.de\/shop\/wp-json\/wp\/v2\/product_tag?post=745"}],"curies":[{"name":"wp","href":"https:\/\/api.w.org\/{rel}","templated":true}]}}