{"id":81,"date":"2021-11-27T11:05:57","date_gmt":"2021-11-27T10:05:57","guid":{"rendered":"https:\/\/www.contzept.de\/shop\/?post_type=product&#038;p=81"},"modified":"2025-02-24T12:51:51","modified_gmt":"2025-02-24T11:51:51","slug":"petzl-newton-easyfit","status":"publish","type":"product","link":"https:\/\/www.contzept.de\/shop\/produkt\/petzl-newton-easyfit\/","title":{"rendered":"Petzl &#8211; Gurt NEWTON EASYFIT"},"content":{"rendered":"<div class=\"list\">\n<ul>\n<li>Ergonomische, leichte Bauweise:<br \/>\n&#8211; Durch das ergonomische Design liegt der Gurt eng am K\u00f6rper an und sorgt gleichzeitig f\u00fcr optimale Bewegungsfreiheit.<br \/>\n&#8211; Die textile sternale Auffang\u00f6se ist leicht und abriebfest.<br \/>\n&#8211; Dorsale Auffang\u00f6se aus eloxiertem Aluminium f\u00fcr hohe Langlebigkeit.<br \/>\n&#8211; Durch die ergonomische Form der schaumstoffgepolsterten Schultertr\u00e4ger werden Reibungspunkte an Nacken oder Hals reduziert.<br \/>\n&#8211; Befestigungsm\u00f6glichkeit f\u00fcr einen LIFT-Rettungsb\u00fcgel zum aufrechten Abseilen.<\/li>\n<li>Optimaler Komfort:<br \/>\n&#8211; leichte, atmungsaktive Konstruktion, die daf\u00fcr sorgt, dass der Gurt immer die richtige Form hat,<br \/>\n&#8211; zwei Taschen mit Rei\u00dfverschluss auf jeder Seite des Gurts zum Verstauen von kleinen Gegenst\u00e4nden und Wertsachen,<br \/>\n&#8211; abnehmbare Beinschlaufenpolster,<br \/>\n&#8211; ID-Fenster, um den Anwender schnell und einfach zu identifizieren.<\/li>\n<li>Schnelles Anlegen und einfache Handhabung:<br \/>\n&#8211; Dank der FAST LT-Schnallen an den Beinschlaufen kann der Gurt mit den F\u00fc\u00dfen am Boden angelegt werden. Die Schnallen lassen sich auch mit Handschuhen schnell und einfach \u00f6ffnen und schlie\u00dfen, ohne die Einstellung zu ver\u00e4ndern.<br \/>\n&#8211; Mit der FAST LT PLUS-Schnalle des Brustriemens l\u00e4sst sich der Gurt auch mit Handschuhen schnell und einfach \u00f6ffnen und schlie\u00dfen, ohne die Einstellung zu ver\u00e4ndern. Das Entriegelungssystem reduziert das Risiko einer unbeabsichtigten \u00d6ffnung.<br \/>\n&#8211; Die mit selbstverriegelnden DOUBLEBACK-Schnallen ausgestatteten Schultertr\u00e4ger lassen sich schnell und einfach einstellen.<br \/>\n&#8211; Zwei Materialschlaufen und zwei Befestigungsm\u00f6glichkeiten f\u00fcr die TOOLBAG-Werkzeugtasche erleichtern den Zugriff auf die Arbeitsger\u00e4te.<\/li>\n<\/ul>\n<\/div>\n<h3>Spezifikationen<\/h3>\n<div class=\"list\">\n<ul>\n<li>Vordere Auffang\u00f6se auf Brusth\u00f6he: zum Einh\u00e4ngen des Auffangsystems<\/li>\n<li>R\u00fcckseitige Auffang\u00f6se aus Metall: zum Einh\u00e4ngen des Auffangsystems<\/li>\n<li>Zertifizierung(en): CE EN 361, EAC, UKCA<\/li>\n<li>Material: Polyamid, Polyester, Aluminium<\/li>\n<\/ul>\n<\/div>\n","protected":false},"excerpt":{"rendered":"<p>Schnell anzulegender, komfortabler Auffanggurt<\/p>\n","protected":false},"featured_media":107,"template":"","meta":[],"product_brand":[],"product_cat":[31,30],"product_tag":[],"class_list":{"0":"post-81","1":"product","2":"type-product","3":"status-publish","4":"has-post-thumbnail","6":"product_cat-gurte-auffang","7":"product_cat-gurte","9":"first","10":"instock","11":"taxable","12":"shipping-taxable","13":"purchasable","14":"product-type-variable","15":"has-default-attributes"},"_links":{"self":[{"href":"https:\/\/www.contzept.de\/shop\/wp-json\/wp\/v2\/product\/81","targetHints":{"allow":["GET"]}}],"collection":[{"href":"https:\/\/www.contzept.de\/shop\/wp-json\/wp\/v2\/product"}],"about":[{"href":"https:\/\/www.contzept.de\/shop\/wp-json\/wp\/v2\/types\/product"}],"wp:featuredmedia":[{"embeddable":true,"href":"https:\/\/www.contzept.de\/shop\/wp-json\/wp\/v2\/media\/107"}],"wp:attachment":[{"href":"https:\/\/www.contzept.de\/shop\/wp-json\/wp\/v2\/media?parent=81"}],"wp:term":[{"taxonomy":"product_brand","embeddable":true,"href":"https:\/\/www.contzept.de\/shop\/wp-json\/wp\/v2\/product_brand?post=81"},{"taxonomy":"product_cat","embeddable":true,"href":"https:\/\/www.contzept.de\/shop\/wp-json\/wp\/v2\/product_cat?post=81"},{"taxonomy":"product_tag","embeddable":true,"href":"https:\/\/www.contzept.de\/shop\/wp-json\/wp\/v2\/product_tag?post=81"}],"curies":[{"name":"wp","href":"https:\/\/api.w.org\/{rel}","templated":true}]}}