{"id":846,"date":"2022-04-02T10:03:56","date_gmt":"2022-04-02T08:03:56","guid":{"rendered":"https:\/\/www.contzept.de\/shop\/?post_type=product&#038;p=846"},"modified":"2024-12-20T13:46:53","modified_gmt":"2024-12-20T12:46:53","slug":"petzl-duo-s","status":"publish","type":"product","link":"https:\/\/www.contzept.de\/shop\/produkt\/petzl-duo-s\/","title":{"rendered":"Petzl &#8211; Stirnlampe DUO S"},"content":{"rendered":"<div class=\"list\">\n<ul>\n<li>F\u00fcnf Leuchtmodi und ein BOOST-Modus, um die Beleuchtung allen Arbeitssituationen anzupassen:<br \/>\n&#8211; Beleuchtung im unmittelbaren Nahbereich: breiter Lichtkegel von geringer Leuchtkraft f\u00fcr eine lange Leuchtdauer,<br \/>\n&#8211; Beleuchtung im unmittelbaren Umgebungsbereich: kombinierter Lichtkegel mit einer f\u00fcr die komfortable Sicht im Nahbereich geeigneten Leuchtkraft,<br \/>\n&#8211; Beleuchtung f\u00fcr die Fortbewegung: kombinierter Lichtkegel mit einer fokussierten Komponente f\u00fcr die sichere Fortbewegung,<br \/>\n&#8211; Beleuchtung f\u00fcr die schnelle Fortbewegung: kombinierter Lichtkegel mit h\u00f6herer Leuchtkraft, um das Gel\u00e4nde zu sondieren,<br \/>\n&#8211; Fernsicht: stark fokussierter Lichtkegel, um in die Ferne zu leuchten,<br \/>\n&#8211; BOOST-Modus f\u00fcr den kurzzeitigen Zugriff auf die maximale Leuchtst\u00e4rke von 1100 Lumen.<\/li>\n<li>CONSTANT LIGHTING Technologie: gleichbleibende Leuchtkraft, geeignet f\u00fcr lange Arbeitseins\u00e4tze.<\/li>\n<li>Akku:<br \/>\n&#8211; Lithium-Ionen-Akku, 3200 mAh, Spannung 7,4 V, 23,68 Wh,<br \/>\n&#8211; aufladbar in 4 Stunden mit Schnellladeger\u00e4t 110\/240 V (enthalten),<br \/>\n&#8211; Ladeanzeige,<br \/>\n&#8211; kann herausgenommen und ausgewechselt werden (als Zubeh\u00f6r verf\u00fcgbar).<\/li>\n<li>Sicherheit und Komfort beim Arbeiten im Team dank FACE2FACE-Blendschutzfunktion: Benutzer von DUO-Lampen blenden ihr Gegen\u00fcber nicht, da die Leuchtkraft automatisch reduziert wird, wenn die Lampe in einen anderen Lichtstrahl scheint.<\/li>\n<li>Zuverl\u00e4ssigkeit und Ergonomie:<br \/>\n&#8211; ausgewogene Gewichtsverteilung durch das am Hinterkopf getragene Akkugeh\u00e4use,<br \/>\n&#8211; ergonomischer Schalter, der auch mit Handschuhen bedient werden kann,<br \/>\n&#8211; automatische Umschaltung auf Reservelicht, wenn der Akku fast entladen ist,<br \/>\n&#8211; elektronische Verriegelung gegen unbeabsichtigtes Einschalten w\u00e4hrend des Transports und bei Nichtbenutzung der Lampe.<\/li>\n<li>Robuste Bauweise:<br \/>\n&#8211; IP67 (wasserdicht bis -1 Meter w\u00e4hrend 30 Minuten in S\u00fc\u00dfwasser),<br \/>\n&#8211; hervorragende Sturz-, Sto\u00df- und Druckfestigkeit.<\/li>\n<\/ul>\n<\/div>\n<div class=\"youtubeVideo\">\n<div id=\"j_id0:j_id1:j_id111\" class=\"youtubeVideo\"><span style=\"font-size: 1.618em;\">Spezifikationen<\/span><\/div>\n<\/div>\n<div class=\"list\">\n<ul>\n<li>Leuchtkraft: 1100 Lumen<\/li>\n<li>Leuchtdauer: 3,5 bis 23 Stunden<\/li>\n<li>Gewicht: 370 g<\/li>\n<li>Technologie: CONSTANT LIGHTING<\/li>\n<li>Lichtkegel: breit, kombiniert oder fokussiert<\/li>\n<li>Betriebsm\u00f6glichkeiten: Lithium-Ionen-R2 (enthalten)<\/li>\n<li>Ladedauer: 4 Std<\/li>\n<li>Wasserdicht: IP67<\/li>\n<li>Lampe geliefert mit: &#8211; zwei Halterungen zur Befestigung an den Helmen VERTEX und STRATO, &#8211; Ladeger\u00e4t 110\/240 V.<\/li>\n<\/ul>\n<\/div>\n","protected":false},"excerpt":{"rendered":"<p>Extrem leistungsstarke, aufladbare Stirnlampe mit mehreren Lichtkegeln und FACE2FACE-Blendschutzfunktion. 1100 Lumen<\/p>\n","protected":false},"featured_media":849,"template":"","meta":[],"product_brand":[],"product_cat":[88],"product_tag":[],"class_list":{"0":"post-846","1":"product","2":"type-product","3":"status-publish","4":"has-post-thumbnail","6":"product_cat-stirnlampen","8":"first","9":"instock","10":"taxable","11":"shipping-taxable","12":"purchasable","13":"product-type-variable","14":"has-default-attributes"},"_links":{"self":[{"href":"https:\/\/www.contzept.de\/shop\/wp-json\/wp\/v2\/product\/846","targetHints":{"allow":["GET"]}}],"collection":[{"href":"https:\/\/www.contzept.de\/shop\/wp-json\/wp\/v2\/product"}],"about":[{"href":"https:\/\/www.contzept.de\/shop\/wp-json\/wp\/v2\/types\/product"}],"wp:featuredmedia":[{"embeddable":true,"href":"https:\/\/www.contzept.de\/shop\/wp-json\/wp\/v2\/media\/849"}],"wp:attachment":[{"href":"https:\/\/www.contzept.de\/shop\/wp-json\/wp\/v2\/media?parent=846"}],"wp:term":[{"taxonomy":"product_brand","embeddable":true,"href":"https:\/\/www.contzept.de\/shop\/wp-json\/wp\/v2\/product_brand?post=846"},{"taxonomy":"product_cat","embeddable":true,"href":"https:\/\/www.contzept.de\/shop\/wp-json\/wp\/v2\/product_cat?post=846"},{"taxonomy":"product_tag","embeddable":true,"href":"https:\/\/www.contzept.de\/shop\/wp-json\/wp\/v2\/product_tag?post=846"}],"curies":[{"name":"wp","href":"https:\/\/api.w.org\/{rel}","templated":true}]}}