{"id":932,"date":"2022-04-02T14:07:43","date_gmt":"2022-04-02T12:07:43","guid":{"rendered":"https:\/\/www.contzept.de\/shop\/?post_type=product&#038;p=932"},"modified":"2024-12-20T13:44:13","modified_gmt":"2024-12-20T12:44:13","slug":"petzl-swift-rl-pro","status":"publish","type":"product","link":"https:\/\/www.contzept.de\/shop\/produkt\/petzl-swift-rl-pro\/","title":{"rendered":"Petzl &#8211; Stirnlampe SWIFT RL"},"content":{"rendered":"<div class=\"list\">\n<ul>\n<li>Leistungsf\u00e4hige und intelligente Stirnlampe f\u00fcr den h\u00e4ufigen professionellen Einsatz:<br \/>\n&#8211; bis zu 1100 Lumen bei einem Gewicht von nur 110 g,<br \/>\n&#8211; zwei Leuchtmodi: REACTIVE LIGHTING\u00ae oder STANDARD LIGHTING, zug\u00e4nglich durch langen Knopfdruck,<br \/>\n&#8211; l\u00e4ngere Leuchtdauer, verbesserter Sichtkomfort und weniger manuelle Handgriffe dank der REACTIVE LIGHTING\u00ae-Technologie. Die Leuchtkraft und die Form des Lichtkegels werden \u00fcber einen Helligkeitssensor automatisch angepasst, um die Akkulaufzeit zu optimieren,<br \/>\n&#8211; robuste Bauweise: sto\u00dffest (IK05) und sturzfest (bis 1 Meter).<\/li>\n<li>Mehrere Leuchtstufen, um sich allen Arbeitssituation anzupassen:<br \/>\n&#8211; drei Leuchtstufen mit kombiniertem Lichtkegel f\u00fcr Arbeiten im unmittelbaren Nahbereich, im Umgebungsbereich und f\u00fcr die Fortbewegung,<br \/>\n&#8211; eine Leuchtstufe mit fokussiertem Lichtkegel f\u00fcr die Fernsicht,<br \/>\n&#8211; rotes Dauerlicht, um unauff\u00e4llig zu arbeiten, oder rotes Blinklicht, um gesehen zu werden.<\/li>\n<li>Anwenderfreundlich:<br \/>\n&#8211; ein einziger Schalter erm\u00f6glicht den Zugriff auf alle Funktionen: ON\/OFF, Leuchtmodi, Leuchtstufen und Verriegelung,<br \/>\n&#8211; dank der Tr\u00e4gerplatte kann der Neigungswinkel der Lampe den Anforderungen entsprechend eingestellt werden,<br \/>\n&#8211; die verbleibende Akkulaufzeit l\u00e4sst sich dank einer f\u00fcnfstufigen Anzeige beim Ein- und Ausschalten der Lampe kontrollieren,<br \/>\n&#8211; die LOCK-Funktion verhindert ein unbeabsichtigtes Einschalten beim Transport und bei Nichtbenutzung der Lampe und verriegelt die Leuchteinstellung.<\/li>\n<li>Praktisch:<br \/>\n&#8211; abnehmbares, waschbares Kopfband,<br \/>\n&#8211; die Tr\u00e4gerplatte ist kompatibel mit Zubeh\u00f6r zum Anbringen der Lampe an einem Helm (selbstklebendes HELMET ADAPT-Befestigungssystem f\u00fcr alle Helmtypen oder SLOT ADAPT-Befestigungssystem f\u00fcr Helme mit kompatibler Befestigungs\u00f6ffnung).<\/li>\n<li>Wiederaufladbar:<br \/>\n&#8211; Lithium-Ionen-Akku 2350 mAh, aufladbar \u00fcber USB-C-Anschluss,<br \/>\n&#8211; abnehmbarer und austauschbarer (einzeln erh\u00e4ltlich), sodass der Akku w\u00e4hrend der Benutzung ausgewechselt werden kann.<\/li>\n<\/ul>\n<\/div>\n<h3>Spezifikationen<\/h3>\n<div class=\"list\">\n<ul>\n<li>Leuchtkraft: 1100 Lumen (ANSI FL 1 STANDARD)<\/li>\n<li>Technologie: REACTIVE LIGHTING\u00ae oder STANDARD LIGHTING<\/li>\n<li>Lichtkegel: kombiniert (breit und fokussiert)<\/li>\n<li>Gewicht: 110 g<\/li>\n<li>Wasserdicht: IP54<\/li>\n<li>Sto\u00dffestigkeit: IK05<\/li>\n<li>Sturzfestigkeit: 1 Meter (ANSI\/PLATO FL 1)<\/li>\n<li>Betriebsm\u00f6glichkeiten: Lithium-Ionen-Akku 2350 mAh \/ 3,7 V \/ 8,69 Wh (enthalten)<\/li>\n<li>Ladedauer: 5 Std<\/li>\n<li>Zertifizierung(en): CE, UKCA<\/li>\n<\/ul>\n<\/div>\n","protected":false},"excerpt":{"rendered":"<p>Leistungsstarke, leichte und aufladbare Kompaktstirnlampe mit REACTIVE LIGHTING<sup>\u00ae<\/sup>-Technologie. 1100 Lumen<\/p>\n","protected":false},"featured_media":1885,"template":"","meta":[],"product_brand":[],"product_cat":[88],"product_tag":[],"class_list":{"0":"post-932","1":"product","2":"type-product","3":"status-publish","4":"has-post-thumbnail","6":"product_cat-stirnlampen","8":"first","9":"instock","10":"taxable","11":"shipping-taxable","12":"purchasable","13":"product-type-variable","14":"has-default-attributes"},"_links":{"self":[{"href":"https:\/\/www.contzept.de\/shop\/wp-json\/wp\/v2\/product\/932","targetHints":{"allow":["GET"]}}],"collection":[{"href":"https:\/\/www.contzept.de\/shop\/wp-json\/wp\/v2\/product"}],"about":[{"href":"https:\/\/www.contzept.de\/shop\/wp-json\/wp\/v2\/types\/product"}],"wp:featuredmedia":[{"embeddable":true,"href":"https:\/\/www.contzept.de\/shop\/wp-json\/wp\/v2\/media\/1885"}],"wp:attachment":[{"href":"https:\/\/www.contzept.de\/shop\/wp-json\/wp\/v2\/media?parent=932"}],"wp:term":[{"taxonomy":"product_brand","embeddable":true,"href":"https:\/\/www.contzept.de\/shop\/wp-json\/wp\/v2\/product_brand?post=932"},{"taxonomy":"product_cat","embeddable":true,"href":"https:\/\/www.contzept.de\/shop\/wp-json\/wp\/v2\/product_cat?post=932"},{"taxonomy":"product_tag","embeddable":true,"href":"https:\/\/www.contzept.de\/shop\/wp-json\/wp\/v2\/product_tag?post=932"}],"curies":[{"name":"wp","href":"https:\/\/api.w.org\/{rel}","templated":true}]}}