{"id":995,"date":"2022-04-13T14:50:56","date_gmt":"2022-04-13T12:50:56","guid":{"rendered":"https:\/\/www.contzept.de\/shop\/?post_type=product&#038;p=995"},"modified":"2024-12-20T13:43:22","modified_gmt":"2024-12-20T12:43:22","slug":"petzl-tactikka-core","status":"publish","type":"product","link":"https:\/\/www.contzept.de\/shop\/produkt\/petzl-tactikka-core\/","title":{"rendered":"Petzl &#8211; Stirnlampe ARIA 1"},"content":{"rendered":"<div class=\"list\">\n<ul>\n<li>\n<div class=\"list\">\n<ul>\n<li>Stirnlampe f\u00fcr den gelegentlichen professionellen Einsatz:<br \/>\n&#8211; robuste Bauweise: Die Lampe ist sto\u00dffest (IK07) und sturzfest (bis 2 Meter),<br \/>\n&#8211; staub- und wasserdicht (IP67),<br \/>\n&#8211; der breite, homogene Lichtkegel bietet komfortable Sicht bei Arbeiten im unmittelbaren Nahbereich,<br \/>\n&#8211; drei Wei\u00dflicht-Stufen: MAX BURN TIME (maximale Leuchtdauer), STANDARD (optimales Verh\u00e4ltnis Leuchtkraft\/Leuchtdauer) und MAX POWER (maximale Leuchtkraft).<\/li>\n<li>Einfaches Handling:<br \/>\n&#8211; ein einziger Schalter zum schnellen und einfachen W\u00e4hlen der Leuchtstufe,<br \/>\n&#8211; Tr\u00e4gerplatte, die es erm\u00f6glicht, den Neigungswinkel der Lampe den Anforderungen entsprechend einzustellen,<br \/>\n&#8211; LED-Anzeige beim Ein- und Ausschalten der Lampe zur Kontrolle der verbleibenden Akkulaufzeit,<br \/>\n&#8211; die LOCK-Funktion verhindert ein unbeabsichtigtes Einschalten w\u00e4hrend des Transports und bei Nichtbenutzung der Lampe.<\/li>\n<li>Praktisch:<br \/>\n&#8211; abnehmbares, waschbares Kopfband mit symmetrischer Einstellung zum einfachen Anpassen am Kopf,<br \/>\n&#8211; die Tr\u00e4gerplatte ist kompatibel mit Zubeh\u00f6r zum Anbringen der Lampe an einem Helm (selbstklebendes HELMET ADAPT-Befestigungssystem f\u00fcr alle Helmtypen oder SLOT ADAPT-Befestigungssystem f\u00fcr Helme mit kompatibler Befestigungs\u00f6ffnung),<br \/>\n&#8211; die ARIA 1 wird mit drei AAA\/LR03-Batterien geliefert und ist dank HYBRID CONCEPT ebenfalls mit dem CORE-Akku kompatibel (nicht enthalten),<br \/>\n&#8211; die Lampe erkennt die Energiequelle und optimiert die Leuchtleistungen: Mit dem CORE-Akku bietet die Lampe eine h\u00f6here Leuchtkraft beim Einschalten (450 lm im Modus MAX POWER) und w\u00e4hrend der gesamten Verwendungsdauer.<\/li>\n<\/ul>\n<\/div>\n<h3>Spezifikationen<\/h3>\n<div class=\"list\">\n<ul>\n<li>Gewicht: 105 g<\/li>\n<li>Leuchtkraft: 350 Lumen (ANSI\/PLATO FL 1)<\/li>\n<li>Lichtkegel: breit<\/li>\n<li>Wasserdicht: IP67<\/li>\n<li>Robuste Bauweise: Sto\u00dffestigkeit IK07 (EN\/IEC 62262)<\/li>\n<li>Sturzfestigkeit: 2 Meter (ANSI\/PLATO FL 1)<\/li>\n<li>Betriebsm\u00f6glichkeiten: 3 AAA\/LR03-Batterien (enthalten) oder CORE-Akku (als Zubeh\u00f6r erh\u00e4ltlich)<\/li>\n<li>Betriebsm\u00f6glichkeiten: Alkali-Batterien, Lithium-Batterien oder Ni-MH-Akkus<\/li>\n<li>Zertifizierung(en): CE, UKCA<\/li>\n<\/ul>\n<\/div>\n<\/li>\n<\/ul>\n<\/div>\n","protected":false},"excerpt":{"rendered":"<p>Robuste und wasserdichte Kompaktstirnlampe f\u00fcr die Sicht im Umgebungsbereich. 350 Lumen<\/p>\n","protected":false},"featured_media":1772,"template":"","meta":[],"product_brand":[],"product_cat":[88],"product_tag":[],"class_list":{"0":"post-995","1":"product","2":"type-product","3":"status-publish","4":"has-post-thumbnail","6":"product_cat-stirnlampen","8":"first","9":"instock","10":"taxable","11":"shipping-taxable","12":"purchasable","13":"product-type-variable","14":"has-default-attributes"},"_links":{"self":[{"href":"https:\/\/www.contzept.de\/shop\/wp-json\/wp\/v2\/product\/995","targetHints":{"allow":["GET"]}}],"collection":[{"href":"https:\/\/www.contzept.de\/shop\/wp-json\/wp\/v2\/product"}],"about":[{"href":"https:\/\/www.contzept.de\/shop\/wp-json\/wp\/v2\/types\/product"}],"wp:featuredmedia":[{"embeddable":true,"href":"https:\/\/www.contzept.de\/shop\/wp-json\/wp\/v2\/media\/1772"}],"wp:attachment":[{"href":"https:\/\/www.contzept.de\/shop\/wp-json\/wp\/v2\/media?parent=995"}],"wp:term":[{"taxonomy":"product_brand","embeddable":true,"href":"https:\/\/www.contzept.de\/shop\/wp-json\/wp\/v2\/product_brand?post=995"},{"taxonomy":"product_cat","embeddable":true,"href":"https:\/\/www.contzept.de\/shop\/wp-json\/wp\/v2\/product_cat?post=995"},{"taxonomy":"product_tag","embeddable":true,"href":"https:\/\/www.contzept.de\/shop\/wp-json\/wp\/v2\/product_tag?post=995"}],"curies":[{"name":"wp","href":"https:\/\/api.w.org\/{rel}","templated":true}]}}